








{"id":2387,"date":"2025-04-10T14:57:37","date_gmt":"2025-04-10T14:57:37","guid":{"rendered":"https:\/\/aharaspa.com\/?page_id=2387"},"modified":"2026-01-14T19:46:37","modified_gmt":"2026-01-14T22:46:37","slug":"tratamientos","status":"publish","type":"page","link":"https:\/\/aharaspa.com\/?page_id=2387","title":{"rendered":"Tratamientos"},"content":{"rendered":"<h1>Tratamientos<\/h1>\n<div>\n<p>En Ahara | Spa Hol\u00edstico, creemos en el equilibrio entre cuerpo, mente y esp\u00edritu. Te ofrecemos una selecci\u00f3n de tratamientos ayurv\u00e9dicos y hol\u00edsticos dise\u00f1ados para brindarte bienestar, relajaci\u00f3n y renovaci\u00f3n desde adentro hacia afuera.<\/p>\n<\/div>\n<ul>\n<li>\n        <a href=\"#\">Todos<\/a>\n    <\/li>\n<li>\n            <\/li>\n<\/ul>\n<div>\n<\/div>\n<h2>Ayurveda<\/h2>\n<div>\n<\/div>\n<h2>Masajes<\/h2>\n<div>\n<\/div>\n<h2>Terapias hol\u00edsticas<\/h2>\n<div>\n<\/div>\n<p><!--more--><br \/>\n<!-- {\"name\":\"Product Listing\",\"type\":\"layout\",\"children\":[{\"type\":\"section\",\"props\":{\"style\":\"default\",\"width\":\"default\",\"vertical_align\":\"middle\",\"title_position\":\"top-left\",\"title_rotation\":\"left\",\"title_breakpoint\":\"xl\",\"image_position\":\"center-center\"},\"children\":[{\"type\":\"row\",\"children\":[{\"type\":\"column\",\"props\":{\"position_sticky_breakpoint\":\"m\",\"image_position\":\"center-center\",\"media_overlay_gradient\":\"\"},\"children\":[{\"type\":\"woo_notices\"}]}]}]},{\"type\":\"section\",\"props\":{\"style\":\"default\",\"width\":\"expand\",\"vertical_align\":\"middle\",\"title_position\":\"top-left\",\"title_rotation\":\"left\",\"title_breakpoint\":\"xl\",\"image_position\":\"center-center\",\"text_color\":\"light\",\"overlap\":false,\"header_transparent\":\"light\",\"media_overlay\":\"rgba(86, 65, 34, 0.47)\"},\"children\":[{\"type\":\"row\",\"props\":{\"width\":\"large\"},\"children\":[{\"type\":\"column\",\"props\":{\"position_sticky_breakpoint\":\"m\",\"image_position\":\"center-center\",\"media_overlay_gradient\":\"\"},\"children\":[{\"type\":\"headline\",\"props\":{\"title_element\":\"h1\",\"content\":\"Tratamientos\"}},{\"type\":\"text\",\"props\":{\"margin\":\"default\",\"column_breakpoint\":\"m\",\"content\":\"\n\n<p>En Ahara | Spa Hol\\u00edstico, creemos en el equilibrio entre cuerpo, mente y esp\\u00edritu. Te ofrecemos una selecci\\u00f3n de tratamientos ayurv\\u00e9dicos y hol\\u00edsticos dise\\u00f1ados para brindarte bienestar, relajaci\\u00f3n y renovaci\\u00f3n desde adentro hacia afuera.<\\\/p>\",\"maxwidth\":\"2xlarge\",\"css\":\".el-element{color:white;}\"}}]}]}],\"name\":\"hero corto\",\"source\":{\"query\":{\"name\":\"productCats.customProductCat\",\"arguments\":{\"id\":82}},\"props\":{\"image\":{\"filters\":{\"search\":\"\"},\"name\":\"thumbnail.url\"}}}},{\"type\":\"section\",\"props\":{\"style\":\"default\",\"width\":\"large\",\"vertical_align\":\"middle\",\"title_position\":\"top-left\",\"title_rotation\":\"left\",\"title_breakpoint\":\"xl\",\"image_position\":\"center-center\",\"padding_remove_top\":false,\"padding_remove_bottom\":true},\"children\":[{\"type\":\"row\",\"props\":{\"layout\":\"4-5,1-5\",\"match\":true},\"children\":[{\"type\":\"column\",\"props\":{\"position_sticky_breakpoint\":\"m\",\"image_position\":\"center-center\",\"media_overlay_gradient\":\"\",\"width_medium\":\"4-5\"},\"children\":[{\"type\":\"subnav\",\"props\":{\"subnav_style\":\"pill\",\"text_align\":\"left\",\"margin\":\"medium\",\"status\":\"\",\"css\":\".uk-subnav-pill > * > :first-child:hover {\\n    background: #321D13 !important;\\n    color: #fff !important;\\n}\\n\\n.uk-subnav-pill > * > :first-child {\\n    background: none;\\n    color: #321D13;\\n    border: 1px solid #c2c2c2;\\n    padding-top: 8px;\\n    background: #eaeaea;\\n}\\n.uk-subnav>*>:first-child {\\n    display: flex\\n;\\n    align-items: center;\\n    column-gap: .25em;\\n    color: #321d13;\\n    transition: .1sease-in-out;\\n    transition-property: color, background-color, border-color, box-shadow;\\n    font-family:'Atkinson Hyperlegible';\\n    font-size: 15px;\\n}\"},\"children\":[{\"type\":\"subnav_item\",\"props\":{\"content\":\"Todos\",\"link\":\"#\",\"active\":false},\"source\":{\"props\":{\"_condition\":{\"filters\":{\"condition\":\"!=\",\"condition_value\":\"Experiencias\"},\"name\":\"name\"}}}},{\"type\":\"subnav_item\",\"source\":{\"query\":{\"name\":\"productCats.customProductCats\",\"arguments\":{\"id\":82,\"offset\":0,\"limit\":50,\"order\":\"name\",\"order_direction\":\"DESC\"}},\"props\":{\"content\":{\"filters\":{\"search\":\"\"},\"name\":\"name\"},\"link\":{\"filters\":{\"search\":\"\"},\"name\":\"link\"}}}}],\"modified\":\"2021-02-24T16:07:23.102Z\",\"name\":\"\"}]},{\"type\":\"column\",\"props\":{\"position_sticky_breakpoint\":\"m\",\"image_position\":\"center-center\",\"media_overlay_gradient\":\"\",\"width_medium\":\"1-5\",\"vertical_align\":\"middle\"},\"children\":[{\"type\":\"search\",\"props\":{\"search_style\":\"\",\"search_size\":\"\",\"css\":\".el-element{\\n    border: 1px solid #321D13;\\n    border-radius:500px;\\n    color:#321D13;\\n}\\n\\n.uk-search-input{\\n    background: #fcfaf7 !important;\\n}\\n\\n.uk-search-input::placeholder {\\n  color: #321D13; \\\/* o el color que prefieras *\\\/\\n  opacity: 0.8; \\\/* opcional, por si es muy tenue *\\\/\\n}\"}}]}]}],\"name\":\"filtros\"},{\"type\":\"section\",\"props\":{\"style\":\"default\",\"width\":\"large\",\"vertical_align\":\"middle\",\"title_position\":\"top-left\",\"title_rotation\":\"left\",\"title_breakpoint\":\"xl\",\"image_position\":\"center-center\",\"padding\":\"small\",\"padding_remove_top\":false},\"children\":[{\"type\":\"row\",\"props\":{\"layout\":\"4-5,1-5\",\"column_gap\":\"large\",\"row_gap\":\"large\"},\"children\":[{\"type\":\"column\",\"props\":{\"image_position\":\"center-center\",\"media_overlay_gradient\":\"\",\"width_medium\":\"4-5\",\"position_sticky_breakpoint\":\"m\"},\"children\":[{\"type\":\"grid\",\"props\":{\"show_title\":true,\"show_meta\":true,\"show_content\":true,\"show_image\":true,\"show_link\":true,\"grid_default\":\"1\",\"grid_medium\":\"3\",\"filter_style\":\"tab\",\"filter_all\":true,\"filter_position\":\"top\",\"filter_align\":\"left\",\"filter_grid_width\":\"auto\",\"filter_grid_breakpoint\":\"m\",\"title_hover_style\":\"reset\",\"title_element\":\"h5\",\"title_align\":\"top\",\"title_grid_width\":\"1-2\",\"title_grid_breakpoint\":\"m\",\"meta_style\":\"h6\",\"meta_align\":\"above-title\",\"meta_element\":\"div\",\"content_column_breakpoint\":\"m\",\"icon_width\":80,\"image_align\":\"top\",\"image_grid_width\":\"1-2\",\"image_grid_breakpoint\":\"m\",\"image_svg_color\":\"emphasis\",\"link_text\":\"\",\"link_style\":\"default\",\"margin\":\"default\",\"item_animation\":true,\"title_link\":true,\"title_style\":\"lead\",\"grid_column_gap\":\"medium\",\"image_link\":true,\"meta_color\":\"primary\",\"image_transition\":\"scale-up\",\"grid_column_align\":false,\"grid_row_align\":false,\"grid_divider\":false,\"grid_row_gap\":\"medium\",\"grid_masonry\":false,\"grid_parallax\":\"0\",\"filter\":false,\"panel_style\":\"card-default\",\"panel_link\":true,\"panel_padding\":\"small\",\"title_font_family\":\"primary\",\"content_align\":true,\"content_dropcap\":false,\"panel_image_no_padding\":true,\"css\":\"\\n.el-image{\\n  width: 100%;\\n  height: 200px;\\n  object-fit: cover; \\\/* Asegura que la imagen cubra el \\u00e1rea sin deformarse *\\\/\\n  object-position: center; \\\/* Asegura que la imagen est\\u00e9 centrada *\\\/\\n}\\n\\n.el-title {\\n  hyphens: auto;\\n  overflow-wrap: break-word;\\n  word-break: break-word;\\n}\\n\\n@media (max-width: 640px) {\\n  .el-item {    \\n    margin-left: auto;\\n    margin-right: auto;\\n    width: 82% !important;\\n    flex: 0 0 auto; \\\/* evita que se estiren al 100% *\\\/\\n  }\\n}\\n\\n.el-item {\\n    background-position-x: center;\\n}\\n\\n\\n.el-element a{border-radius:10px; overflow:hidden;}\",\"grid_small\":\"2\"},\"children\":[{\"type\":\"grid_item\",\"source\":{\"query\":{\"name\":\"products.customProducts\",\"arguments\":{\"terms\":[78,81,76,77],\"product_brand_operator\":\"IN\",\"product_cat_operator\":\"IN\",\"product_tag_operator\":\"IN\",\"product_visibility_operator\":\"IN\",\"users\":[],\"users_operator\":\"IN\",\"offset\":0,\"limit\":200,\"order\":\"title\",\"order_direction\":\"ASC\"}},\"props\":{\"title\":{\"name\":\"title\"},\"image_alt\":{\"filters\":{\"search\":\"\"},\"name\":\"featuredImage.alt\"},\"link\":{\"filters\":{\"search\":\"\"},\"name\":\"link\"},\"meta\":{\"filters\":{\"search\":\"\"},\"name\":\"metaString\",\"arguments\":{\"format\":\"list\",\"separator\":\"|\",\"link_style\":\"\",\"show_publish_date\":false,\"show_author\":false,\"date_format\":\"\",\"show_taxonomy\":\"accommodation_cat\",\"show_comments\":false}},\"image\":{\"filters\":{\"search\":\"\"},\"name\":\"featuredImage.url\"}}},\"props\":{\"status\":\"\"}}]}]},{\"type\":\"column\",\"props\":{\"image_position\":\"center-center\",\"media_overlay_gradient\":\"\",\"width_medium\":\"1-5\",\"position_sticky_breakpoint\":\"m\"},\"children\":[{\"type\":\"headline\",\"props\":{\"title_element\":\"h2\",\"content\":\"Ayurveda\",\"title_style\":\"h4\",\"margin_remove_bottom\":false,\"margin_remove_top\":false}},{\"type\":\"list\",\"props\":{\"show_image\":true,\"show_link\":true,\"list_element\":\"ul\",\"column_breakpoint\":\"m\",\"image_svg_color\":\"emphasis\",\"image_align\":\"right\",\"image_vertical_align\":true,\"list_style\":\"divider\",\"link_style\":\"text\",\"margin\":\"medium\",\"list_type\":\"vertical\",\"list_horizontal_separator\":\", \",\"css\":\".el-item{\\nfont-size:12px;}\\n\\n.el-link{line-height:115% !important}\",\"margin_remove_top\":true,\"list_marker\":\"\",\"list_marker_color\":\"\",\"list_size\":\"\",\"content_style\":\"h6\"},\"children\":[{\"type\":\"list_item\",\"props\":{\"icon\":\"\"},\"source\":{\"query\":{\"name\":\"products.customProducts\",\"arguments\":{\"terms\":[78],\"product_brand_operator\":\"IN\",\"product_cat_operator\":\"IN\",\"product_tag_operator\":\"IN\",\"product_visibility_operator\":\"IN\",\"users\":[],\"users_operator\":\"IN\",\"offset\":0,\"limit\":10,\"order\":\"date\",\"order_direction\":\"DESC\"}},\"props\":{\"link\":{\"filters\":{\"search\":\"\"},\"name\":\"link\"},\"content\":{\"filters\":{\"search\":\"\"},\"name\":\"title\"}}}}],\"modified\":\"2021-02-23T15:59:54.312Z\",\"name\":\"\"},{\"type\":\"headline\",\"props\":{\"title_element\":\"h2\",\"title_style\":\"h4\",\"margin_remove_bottom\":false,\"content\":\"Masajes\"}},{\"type\":\"list\",\"props\":{\"show_image\":true,\"show_link\":true,\"list_element\":\"ul\",\"column_breakpoint\":\"m\",\"image_svg_color\":\"emphasis\",\"image_align\":\"right\",\"image_vertical_align\":true,\"list_style\":\"divider\",\"link_style\":\"text\",\"margin\":\"medium\",\"list_type\":\"vertical\",\"list_horizontal_separator\":\", \",\"css\":\".el-item{\\nfont-size:12px;}\",\"margin_remove_top\":true,\"content_style\":\"h6\"},\"children\":[{\"type\":\"list_item\",\"props\":{\"icon\":\"\"},\"source\":{\"query\":{\"name\":\"products.customProducts\",\"arguments\":{\"terms\":[76],\"product_brand_operator\":\"IN\",\"product_cat_operator\":\"IN\",\"product_tag_operator\":\"IN\",\"product_visibility_operator\":\"IN\",\"users\":[],\"users_operator\":\"IN\",\"offset\":0,\"limit\":10,\"order\":\"date\",\"order_direction\":\"DESC\"}},\"props\":{\"link\":{\"filters\":{\"search\":\"\"},\"name\":\"link\"},\"content\":{\"filters\":{\"search\":\"\"},\"name\":\"title\"}}}}],\"modified\":\"2021-02-23T15:59:54.312Z\",\"name\":\"\"},{\"type\":\"headline\",\"props\":{\"title_element\":\"h2\",\"content\":\"Terapias hol\\u00edsticas\",\"title_style\":\"h4\",\"margin_remove_bottom\":false}},{\"type\":\"list\",\"props\":{\"show_image\":true,\"show_link\":true,\"list_element\":\"ul\",\"column_breakpoint\":\"m\",\"image_svg_color\":\"emphasis\",\"image_align\":\"right\",\"image_vertical_align\":true,\"list_style\":\"divider\",\"link_style\":\"text\",\"margin\":\"medium\",\"list_type\":\"vertical\",\"list_horizontal_separator\":\", \",\"css\":\".el-item{\\nfont-size:12px;}\",\"margin_remove_top\":true,\"content_style\":\"h6\"},\"children\":[{\"type\":\"list_item\",\"props\":{\"icon\":\"\"},\"source\":{\"query\":{\"name\":\"products.customProducts\",\"arguments\":{\"terms\":[77],\"product_brand_operator\":\"IN\",\"product_cat_operator\":\"IN\",\"product_tag_operator\":\"IN\",\"product_visibility_operator\":\"IN\",\"users\":[],\"users_operator\":\"IN\",\"offset\":0,\"limit\":10,\"order\":\"date\",\"order_direction\":\"DESC\"}},\"props\":{\"link\":{\"filters\":{\"search\":\"\"},\"name\":\"link\"},\"content\":{\"filters\":{\"search\":\"\"},\"name\":\"title\"}}}}],\"modified\":\"2021-02-23T15:59:54.312Z\",\"name\":\"\"}]}]}],\"name\":\"tratamientos\"}],\"version\":\"2.7.22\"} --><\/p>\n","protected":false},"excerpt":{"rendered":"<p>Tratamientos En Ahara | Spa Hol\u00edstico, creemos en el equilibrio entre cuerpo, mente y esp\u00edritu. Te ofrecemos una selecci\u00f3n de tratamientos ayurv\u00e9dicos y hol\u00edsticos dise\u00f1ados para brindarte bienestar, relajaci\u00f3n y renovaci\u00f3n desde adentro hacia afuera. Todos Ayurveda Masajes Terapias hol\u00edsticas<\/p>\n","protected":false},"author":1,"featured_media":0,"parent":0,"menu_order":0,"comment_status":"closed","ping_status":"closed","template":"","meta":{"_acf_changed":false,"footnotes":""},"class_list":["post-2387","page","type-page","status-publish","hentry"],"acf":[],"_links":{"self":[{"href":"https:\/\/aharaspa.com\/index.php?rest_route=\/wp\/v2\/pages\/2387","targetHints":{"allow":["GET"]}}],"collection":[{"href":"https:\/\/aharaspa.com\/index.php?rest_route=\/wp\/v2\/pages"}],"about":[{"href":"https:\/\/aharaspa.com\/index.php?rest_route=\/wp\/v2\/types\/page"}],"author":[{"embeddable":true,"href":"https:\/\/aharaspa.com\/index.php?rest_route=\/wp\/v2\/users\/1"}],"replies":[{"embeddable":true,"href":"https:\/\/aharaspa.com\/index.php?rest_route=%2Fwp%2Fv2%2Fcomments&post=2387"}],"version-history":[{"count":94,"href":"https:\/\/aharaspa.com\/index.php?rest_route=\/wp\/v2\/pages\/2387\/revisions"}],"predecessor-version":[{"id":3734,"href":"https:\/\/aharaspa.com\/index.php?rest_route=\/wp\/v2\/pages\/2387\/revisions\/3734"}],"wp:attachment":[{"href":"https:\/\/aharaspa.com\/index.php?rest_route=%2Fwp%2Fv2%2Fmedia&parent=2387"}],"curies":[{"name":"wp","href":"https:\/\/api.w.org\/{rel}","templated":true}]}}