








{"id":2454,"date":"2025-04-10T14:27:46","date_gmt":"2025-04-10T17:27:46","guid":{"rendered":"https:\/\/aharaspa.com\/?page_id=2454"},"modified":"2026-01-21T20:45:42","modified_gmt":"2026-01-21T23:45:42","slug":"actividades","status":"publish","type":"page","link":"https:\/\/aharaspa.com\/?page_id=2454","title":{"rendered":"Actividades"},"content":{"rendered":"<h1>Actividades<\/h1>\n<div>\n<p>En Ahara, cada pr\u00e1ctica es una invitaci\u00f3n a reconectar con vos a trav\u00e9s del movimiento, el aire y el ritmo interno. Te ofrecemos actividades para acompa\u00f1arte en el camino del bienestar, combinando respiraci\u00f3n, alineaci\u00f3n y presencia todos los d\u00edas.<\/p>\n<\/div>\n<div>\n<p>        <img decoding=\"async\" src=\"\/wp-content\/uploads\/2025\/09\/image_2025-09-04_143115456.png\" alt=\"\"><\/p>\n<h3>VinyasA yogA Terap\u00e9uticO<\/h3>\n<p>Lunes y Mi\u00e9rcoles \u2013 10:00 a 11:00<\/p>\n<div>\n<p>La pr\u00e1ctica regular de asanas en nuestro espacio busca mejorar la postura y la flexibilidad del cuerpo, favorecer una respiraci\u00f3n m\u00e1s consciente y profunda, reducir el estr\u00e9s y la ansiedad, potenciar la concentraci\u00f3n y equilibrar las emociones. Es una actividad suave y accesible, apta para personas de todas las edades.<\/p>\n<div class=\"uk-child-width-expand uk-grid-column-small uk-grid-row-collapse uk-flex-middle uk-grid\" uk-grid=\"\">\n<div class=\"uk-width-auto uk-first-column\">\n    <img loading=\"lazy\" decoding=\"async\" width=\"50\" height=\"50\" src=\"http:\/\/aharaspa.com\/wp-content\/uploads\/2025\/06\/Belen-Gonzalez.jpg\" class=\"uk-border-circle\" alt=\"Belen Gonzalez, instructora de Yoga\" \/><\/div>\n<div class=\"uk-margin-remove-first-child\">\n<h6 class=\"el-title uk-h5 uk-margin-remove-top uk-margin-remove-bottom\">Bel\u00e9n Gonz\u00e1lez<\/h6>\n<div class=\"el-meta uk-text-meta\">Instructora de Yoga Vinyasa<\/div>\n<\/div>\n<\/div>\n<\/div>\n<\/div>\n<div>\n<p>        <img decoding=\"async\" src=\"\/wp-content\/uploads\/2025\/06\/Hata-Yoga-40.jpg\" alt=\"\"><\/p>\n<h3>HAThA \u2028YOGA +40<\/h3>\n<p>Martes y Jueves \u2013 10:30 a 11:45<\/p>\n<div>\n<p>Una propuesta pensada para mujeres a partir de los 40, enfocada en acompa\u00f1ar los cambios del cuerpo y la mente con pr\u00e1cticas que fortalecen, flexibilizan y equilibran. A trav\u00e9s de \u00e1sanas, pranayamas y meditaci\u00f3n guiada, cultivamos vitalidad, calma y conexi\u00f3n interna, favoreciendo una transici\u00f3n consciente y armoniosa en esta etapa de la vida.<\/p>\n<div class=\"uk-child-width-expand uk-grid-column-small uk-grid-row-collapse uk-flex-middle uk-grid\" uk-grid=\"\">\n<div class=\"uk-width-auto uk-first-column\"><img loading=\"lazy\" decoding=\"async\" width=\"50\" height=\"50\" src=\"http:\/\/aharaspa.com\/wp-content\/uploads\/2025\/06\/Valeria-Bares.jpg\" class=\"uk-border-circle\" alt=\"Thelma Olivera Instructora de Yoga en Ahara\" \/><\/div>\n<div class=\"uk-margin-remove-first-child\">\n<h6 class=\"el-title uk-h5 uk-margin-remove-top uk-margin-remove-bottom\">Valeria Bares<\/h6>\n<div class=\"el-meta uk-text-meta\">Instructora de Yoga<\/div>\n<\/div>\n<\/div>\n<\/div>\n<\/div>\n<div>\n<p>        <img decoding=\"async\" src=\"\/wp-content\/uploads\/2025\/10\/taichi.png\" alt=\"\"><\/p>\n<h3>Tai ChI<\/h3>\n<p>Lunes y Mi\u00e9rcoles \u2013 16:30 a 17:35 <\/p>\n<div>\n<p>La pr\u00e1ctica de Tai chi y Chi Kung mejora la salud, la concentraci\u00f3n y la conexi\u00f3n mente-cuerpo-esp\u00edritu a trav\u00e9s de la combinaci\u00f3n de movimientos suaves y fluidos con una respiraci\u00f3n consciente.<\/p>\n<div class=\"uk-child-width-expand uk-grid-column-small uk-grid-row-collapse uk-flex-middle uk-grid\" uk-grid=\"\">\n<div class=\"uk-width-auto uk-first-column\"><img loading=\"lazy\" decoding=\"async\" width=\"50\" height=\"50\" src=\"http:\/\/aharaspa.com\/wp-content\/uploads\/2025\/10\/Helenathumb.png\" class=\"uk-border-circle\" alt=\"Helena Perez, Instructora tai Chi\" \/><\/div>\n<div class=\"uk-margin-remove-first-child\">\n<h6 class=\"el-title uk-h5 uk-margin-remove-top uk-margin-remove-bottom\">Helena P\u00e9rez V\u00e1squez<\/h6>\n<div class=\"el-meta uk-text-meta\">Escuela Shaolin Chuan<\/div>\n<\/div>\n<\/div>\n<\/div>\n<\/div>\n<h2>\u00bfQuieres conocer m\u00e1s de nosotros?<\/h2>\n<h2>Comunidad Ahara<\/h2>\n<div>\n<p>Ahara es un punto de encuentro para quienes buscan habitarse con m\u00e1s conciencia, explorar nuevas formas de bienestar y compartir pr\u00e1cticas que nutren el cuerpo y la vida cotidiana.<\/p>\n<\/div>\n<h5>Suscribite a nuestro newsletter y descubr\u00ed un nuevo camino.<\/h5>\n<p><!--more--><br \/>\n<!-- {\"type\":\"layout\",\"children\":[{\"type\":\"section\",\"props\":{\"style\":\"default\",\"width\":\"expand\",\"vertical_align\":\"middle\",\"title_position\":\"top-left\",\"title_rotation\":\"left\",\"title_breakpoint\":\"xl\",\"image_position\":\"center-center\",\"image\":\"wp-content\\\/uploads\\\/2025\\\/06\\\/Actividades.jpg\",\"text_color\":\"light\",\"overlap\":false,\"header_transparent\":\"light\",\"media_overlay\":\"rgba(84, 65, 34, 0.47)\"},\"children\":[{\"type\":\"row\",\"props\":{\"width\":\"large\"},\"children\":[{\"type\":\"column\",\"props\":{\"position_sticky_breakpoint\":\"m\",\"image_position\":\"center-center\",\"media_overlay_gradient\":\"\"},\"children\":[{\"type\":\"headline\",\"props\":{\"title_element\":\"h1\",\"content\":\"Actividades\"}},{\"type\":\"text\",\"props\":{\"margin\":\"default\",\"column_breakpoint\":\"m\",\"content\":\"\n\n<p>En Ahara, cada pr\\u00e1ctica es una invitaci\\u00f3n a reconectar con vos a trav\\u00e9s del movimiento, el aire y el ritmo interno. Te ofrecemos actividades para acompa\\u00f1arte en el camino del bienestar, combinando respiraci\\u00f3n, alineaci\\u00f3n y presencia todos los d\\u00edas.<\\\/p>\",\"maxwidth\":\"2xlarge\",\"css\":\".el-element{color:white;}\"}}]}]}],\"name\":\"Hero corto\"},{\"type\":\"section\",\"props\":{\"style\":\"default\",\"width\":\"default\",\"vertical_align\":\"middle\",\"title_position\":\"top-left\",\"title_rotation\":\"left\",\"title_breakpoint\":\"xl\",\"image_position\":\"center-center\"},\"children\":[{\"type\":\"row\",\"props\":{\"layout\":\"1-3,1-3,1-3\",\"column_gap\":\"medium\",\"width\":\"large\",\"match\":false,\"margin\":\"large\"},\"children\":[{\"type\":\"column\",\"props\":{\"position_sticky_breakpoint\":\"m\",\"image_position\":\"center-center\",\"media_overlay_gradient\":\"\",\"width_medium\":\"1-3\"},\"children\":[{\"type\":\"panel\",\"props\":{\"link_text\":\"Read more\",\"title_hover_style\":\"reset\",\"title_element\":\"h3\",\"title_align\":\"top\",\"title_grid_width\":\"1-2\",\"title_grid_breakpoint\":\"m\",\"meta_style\":\"h6\",\"meta_align\":\"below-content\",\"meta_element\":\"h6\",\"content_column_breakpoint\":\"m\",\"icon_width\":80,\"image_align\":\"top\",\"image_grid_width\":\"1-2\",\"image_grid_breakpoint\":\"m\",\"image_svg_color\":\"emphasis\",\"link_style\":\"default\",\"margin\":\"remove-vertical\",\"title\":\"VinyasA yogA Terap\\u00e9uticO\",\"content\":\"\n\n<p>La pr\\u00e1ctica regular de asanas en nuestro espacio busca mejorar la postura y la flexibilidad del cuerpo, favorecer una respiraci\\u00f3n m\\u00e1s consciente y profunda, reducir el estr\\u00e9s y la ansiedad, potenciar la concentraci\\u00f3n y equilibrar las emociones. Es una actividad suave y accesible, apta para personas de todas las edades.<\\\/p>\\n\\n\n\n<div class=\\\"uk-child-width-expand uk-grid-column-small uk-grid-row-collapse uk-flex-middle uk-grid\\\" uk-grid=\\\"\\\">\\n\n\n<div class=\\\"uk-width-auto uk-first-column\\\">\\n    <img width=\\\"50\\\" height=\\\"50\\\" src=\\\"http:\\\/\\\/aharaspa.com\\\/wp-content\\\/uploads\\\/2025\\\/06\\\/Belen-Gonzalez.jpg\\\" class=\\\"uk-border-circle\\\" alt=\\\"Belen Gonzalez, instructora de Yoga\\\" \\\/><\\\/div>\\n\n\n<div class=\\\"uk-margin-remove-first-child\\\">\\n\n\n<h6 class=\\\"el-title uk-h5 uk-margin-remove-top uk-margin-remove-bottom\\\">Bel\\u00e9n Gonz\\u00e1lez<\\\/h6>\\n\n\n<div class=\\\"el-meta uk-text-meta\\\">Instructora de Yoga Vinyasa<\\\/div>\\n<\\\/div>\\n<\\\/div>\",\"meta\":\"Lunes y Mi\\u00e9rcoles \\u2013 10:00 a 11:00\",\"image\":\"wp-content\\\/uploads\\\/2025\\\/09\\\/image_2025-09-04_143115456.png\",\"title_style\":\"h2\",\"image_border\":\"rounded\",\"panel_style\":\"card-default\",\"panel_padding\":\"default\",\"panel_image_no_padding\":true,\"content_dropcap\":false,\"meta_color\":\"emphasis\",\"maxwidth\":\"xlarge\",\"block_align\":\"center\",\"css\":\".el-element{\\nborder-radius:20px;\\n    overflow:hidden\\n}\\n\\n.uk-card-media-top {overflow:hidden}\\n.el-element .el-image {transition: ease 0.5s;}\\n.el-element:hover .el-image { scale:1.1;}\\n\\n\"}}]},{\"type\":\"column\",\"props\":{\"position_sticky_breakpoint\":\"m\",\"image_position\":\"center-center\",\"media_overlay_gradient\":\"\",\"width_medium\":\"1-3\"},\"children\":[{\"type\":\"panel\",\"props\":{\"link_text\":\"Read more\",\"title_hover_style\":\"reset\",\"title_element\":\"h3\",\"title_align\":\"top\",\"title_grid_width\":\"1-2\",\"title_grid_breakpoint\":\"m\",\"meta_style\":\"h6\",\"meta_align\":\"below-content\",\"meta_element\":\"h6\",\"content_column_breakpoint\":\"m\",\"icon_width\":80,\"image_align\":\"top\",\"image_grid_width\":\"1-2\",\"image_grid_breakpoint\":\"m\",\"image_svg_color\":\"emphasis\",\"link_style\":\"default\",\"margin\":\"remove-vertical\",\"title\":\"HAThA \\u2028YOGA +40\",\"content\":\"\n\n<p>Una propuesta pensada para mujeres a partir de los 40, enfocada en acompa\\u00f1ar los cambios del cuerpo y la mente con pr\\u00e1cticas que fortalecen, flexibilizan y equilibran. A trav\\u00e9s de \\u00e1sanas, pranayamas y meditaci\\u00f3n guiada, cultivamos vitalidad, calma y conexi\\u00f3n interna, favoreciendo una transici\\u00f3n consciente y armoniosa en esta etapa de la vida.<\\\/p>\\n\\n\n\n<div class=\\\"uk-child-width-expand uk-grid-column-small uk-grid-row-collapse uk-flex-middle uk-grid\\\" uk-grid=\\\"\\\">\\n\n\n<div class=\\\"uk-width-auto uk-first-column\\\"><img width=\\\"50\\\" height=\\\"50\\\" src=\\\"http:\\\/\\\/aharaspa.com\\\/wp-content\\\/uploads\\\/2025\\\/06\\\/Valeria-Bares.jpg\\\" class=\\\"uk-border-circle\\\" alt=\\\"Thelma Olivera Instructora de Yoga en Ahara\\\" \\\/><\\\/div>\\n\n\n<div class=\\\"uk-margin-remove-first-child\\\">\\n\n\n<h6 class=\\\"el-title uk-h5 uk-margin-remove-top uk-margin-remove-bottom\\\">Valeria Bares<\\\/h6>\\n\n\n<div class=\\\"el-meta uk-text-meta\\\">Instructora de Yoga<\\\/div>\\n<\\\/div>\\n<\\\/div>\",\"meta\":\"Martes y Jueves \\u2013 10:30 a 11:45\",\"image\":\"wp-content\\\/uploads\\\/2025\\\/06\\\/Hata-Yoga-40.jpg\",\"title_style\":\"h2\",\"image_border\":\"rounded\",\"panel_style\":\"card-default\",\"panel_padding\":\"default\",\"panel_image_no_padding\":true,\"content_dropcap\":false,\"meta_color\":\"emphasis\",\"maxwidth\":\"xlarge\",\"block_align\":\"center\",\"css\":\".el-element{\\nborder-radius:20px;\\n    overflow:hidden\\n}\\n\\n.uk-card-media-top {overflow:hidden}\\n.el-element .el-image {transition: ease 0.5s;}\\n.el-element:hover .el-image { scale:1.1;}\\n\\n\"}}]},{\"type\":\"column\",\"props\":{\"position_sticky_breakpoint\":\"m\",\"image_position\":\"center-center\",\"media_overlay_gradient\":\"\",\"width_medium\":\"1-3\"},\"children\":[{\"type\":\"panel\",\"props\":{\"link_text\":\"Read more\",\"title_hover_style\":\"reset\",\"title_element\":\"h3\",\"title_align\":\"top\",\"title_grid_width\":\"1-2\",\"title_grid_breakpoint\":\"m\",\"meta_style\":\"h6\",\"meta_align\":\"below-content\",\"meta_element\":\"h6\",\"content_column_breakpoint\":\"m\",\"icon_width\":80,\"image_align\":\"top\",\"image_grid_width\":\"1-2\",\"image_grid_breakpoint\":\"m\",\"image_svg_color\":\"emphasis\",\"link_style\":\"default\",\"margin\":\"remove-vertical\",\"title\":\"Tai ChI\",\"content\":\"\n\n<p>La pr\\u00e1ctica de Tai chi y Chi Kung mejora la salud, la concentraci\\u00f3n y la conexi\\u00f3n mente-cuerpo-esp\\u00edritu a trav\\u00e9s de la combinaci\\u00f3n de movimientos suaves y fluidos con una respiraci\\u00f3n consciente.<\\\/p>\\n\n\n<div class=\\\"uk-child-width-expand uk-grid-column-small uk-grid-row-collapse uk-flex-middle uk-grid\\\" uk-grid=\\\"\\\">\\n\n\n<div class=\\\"uk-width-auto uk-first-column\\\"><img width=\\\"50\\\" height=\\\"50\\\" src=\\\"http:\\\/\\\/aharaspa.com\\\/wp-content\\\/uploads\\\/2025\\\/10\\\/Helenathumb.png\\\" class=\\\"uk-border-circle\\\" alt=\\\"Helena Perez, Instructora tai Chi\\\" \\\/><\\\/div>\\n\n\n<div class=\\\"uk-margin-remove-first-child\\\">\\n\n\n<h6 class=\\\"el-title uk-h5 uk-margin-remove-top uk-margin-remove-bottom\\\">Helena P\\u00e9rez V\\u00e1squez<\\\/h6>\\n\n\n<div class=\\\"el-meta uk-text-meta\\\">Escuela Shaolin Chuan<\\\/div>\\n<\\\/div>\\n<\\\/div>\",\"meta\":\"Lunes y Mi\\u00e9rcoles \\u2013 16:30 a 17:35 <br \/>\",\"image\":\"wp-content\\\/uploads\\\/2025\\\/10\\\/taichi.png\",\"title_style\":\"h2\",\"image_border\":\"rounded\",\"panel_style\":\"card-default\",\"panel_padding\":\"default\",\"panel_image_no_padding\":true,\"content_dropcap\":false,\"meta_color\":\"emphasis\",\"maxwidth\":\"xlarge\",\"block_align\":\"center\",\"css\":\".el-element{\\nborder-radius:20px;\\n    overflow:hidden\\n}\\n\\n.uk-card-media-top {overflow:hidden}\\n.el-element .el-image {transition: ease 0.5s;}\\n.el-element:hover .el-image { scale:1.1;}\\n\\n\"}}]}]},{\"type\":\"row\",\"props\":{\"layout\":\"1-2,1-2\",\"column_gap\":\"large\",\"width\":\"large\",\"match\":false,\"margin\":\"large\"},\"children\":[{\"type\":\"column\",\"props\":{\"position_sticky_breakpoint\":\"m\",\"image_position\":\"center-center\",\"media_overlay_gradient\":\"\",\"width_medium\":\"1-2\"},\"children\":[]},{\"type\":\"column\",\"props\":{\"position_sticky_breakpoint\":\"m\",\"image_position\":\"center-center\",\"media_overlay_gradient\":\"\",\"width_medium\":\"1-2\"},\"children\":[]}]}]},{\"type\":\"section\",\"props\":{\"style\":\"default\",\"width\":\"\",\"vertical_align\":\"middle\",\"title_position\":\"top-left\",\"title_rotation\":\"left\",\"title_breakpoint\":\"xl\",\"image_position\":\"top-right\",\"padding\":\"xlarge\",\"image\":\"wp-content\\\/uploads\\\/2025\\\/03\\\/DSC_0060.png\",\"image_size\":\"cover\",\"media_overlay\":\"rgba(52, 36, 24, 0.8)\",\"image_width\":\"2560\",\"animation\":\"fade\",\"image_effect\":\"parallax\",\"image_parallax_bgx_start\":\"0\",\"image_parallax_bgx_end\":\"40\",\"image_parallax_bgy_start\":\"150\",\"image_parallax_bgy_end\":\"250\",\"image_parallax_easing\":\"0.9\"},\"children\":[{\"type\":\"row\",\"props\":{\"width\":\"large\",\"layout\":\"1-2,1-2\",\"column_gap\":\"large\"},\"children\":[{\"type\":\"column\",\"props\":{\"image_position\":\"center-center\",\"media_overlay_gradient\":\"\",\"width_medium\":\"1-2\",\"text_color\":\"light\",\"position_sticky_breakpoint\":\"m\",\"vertical_align\":\"middle\"},\"children\":[{\"type\":\"headline\",\"props\":{\"title_element\":\"h2\",\"content\":\"\\u00bfQuieres conocer m\\u00e1s de nosotros?\",\"maxwidth\":\"large\",\"maxwidth_breakpoint\":\"m\",\"margin\":\"default\",\"text_align\":\"left\",\"text_align_breakpoint\":\"m\",\"text_align_fallback\":\"center\",\"title_style\":\"lead\",\"title_color\":\"emphasis\"}},{\"type\":\"headline\",\"props\":{\"title_element\":\"h2\",\"content\":\"Comunidad Ahara\",\"maxwidth_breakpoint\":\"m\",\"margin\":\"default\",\"text_align\":\"left\",\"text_align_breakpoint\":\"m\",\"text_align_fallback\":\"center\",\"title_style\":\"heading-medium\",\"title_color\":\"secondary\"}},{\"type\":\"text\",\"props\":{\"margin\":\"\",\"column_breakpoint\":\"m\",\"content\":\"\n\n<p>Ahara es un punto de encuentro para quienes buscan habitarse con m\\u00e1s conciencia, explorar nuevas formas de bienestar y compartir pr\\u00e1cticas que nutren el cuerpo y la vida cotidiana.<\\\/p>\",\"text_align\":\"left\",\"text_align_breakpoint\":\"m\",\"text_align_fallback\":\"center\",\"maxwidth\":\"2xlarge\",\"maxwidth_breakpoint\":\"m\",\"text_color\":\"emphasis\"}},{\"type\":\"headline\",\"props\":{\"title_element\":\"h5\",\"content\":\"Suscribite a nuestro newsletter y descubr\\u00ed un nuevo camino.\",\"title_style\":\"lead\",\"block_align_breakpoint\":\"m\",\"block_align_fallback\":\"center\",\"text_align\":\"left\",\"text_align_breakpoint\":\"m\",\"text_align_fallback\":\"center\",\"maxwidth_breakpoint\":\"m\",\"title_color\":\"emphasis\",\"margin\":\"default\"}}]},{\"type\":\"column\",\"props\":{\"position_sticky_breakpoint\":\"m\",\"image_position\":\"center-center\",\"media_overlay_gradient\":\"\",\"width_medium\":\"1-2\",\"vertical_align\":\"middle\"},\"children\":[{\"type\":\"module_position\",\"props\":{\"layout\":\"stack\",\"breakpoint\":\"m\",\"content\":\"builder-6\",\"css\":\".el-element input, textarea{\\n    border: 0 none;\\n    border-radius: 50px;\\n    border: solid 1px #CCC6C4;\\n    background-color:transparent;\\n    color: #CCC6C4;\\n    margin: 5px 0px;\\n    padding: 0px 20px;\\n}\\n\\n.el-element input::placeholder{\\n    color: #CCC6C4;\\n    opacity: 1;\\n}\\n\\n\\n.el-element textarea:focus-visible{\\n    outline: none;\\n}\\n\\n.el-element textarea:focus{\\n    box-shadow: 0px 0px 3px 0px #CCC6C4;\\n}\\n\\n.el-element input:focus{\\n    box-shadow: 0px 0px 5px 0px #CCC6C4;\\n}\\n\\n.uk-button {\\n    margin: 0 !important;\\n    border: none;\\n    overflow: visible;\\n    font: inherit;\\n    color: inherit;\\n    -webkit-appearance: none;\\n    border-radius: 0;\\n    display: inline-block;\\n    box-sizing: border-box;\\n    padding: 0 26px;\\n    vertical-align: middle;\\n    font-size: 18px;\\n    line-height: 38px;\\n    text-align: center;\\n    text-decoration: none;\\n    transition: .3s ease-in-out;\\n    transition-property: color,background-color,background-position,background-size,border-color,box-shadow;\\n    font-family: 'Atkinson Hyperlegible';\\n    font-weight: 500;\\n    text-transform: none;\\n    letter-spacing: .5px;\\n    border-radius: 500px;\\n    box-shadow:none;\\n}\\n\\n.uk-button:not(:disabled) {\\n    cursor: pointer;\\n}\\n\\n.uk-button::-moz-focus-inner {\\n    border: 0;\\n    padding: 0;\\n}\\n\\n.uk-button-default.uk-active,.uk-button-default:active {\\n    background-color: #d48d00;\\n    color: #fff;\\n    border-color: transparent;\\n}\\n\\n.uk-button-primary {\\n    background-color: #d48d00;\\n    color: #fff;\\n    border: 1px solid transparent;\\n}\\n\\n.el-element button:hover {\\n    background-color: #67B514;\\n    color: #fff;\\n    border-color: transparent;\\n}\\n\\n#frm_field_12_container{\\n    margin-bottom:0 !important;\\n}\\n\\n@media (max-width: 968px) {\\n  .uk-button-primary {\\n    display: block;\\n    margin: 0 auto;\\n    text-align: center;\\n\\twidth: 100%;\\n  }\\n}\\n\",\"maxwidth\":\"xlarge\",\"block_align\":\"right\",\"block_align_breakpoint\":\"m\",\"block_align_fallback\":\"center\"}}]}]}],\"name\":\"Comunidad\"}],\"version\":\"2.7.22\"} --><\/p>\n","protected":false},"excerpt":{"rendered":"<p>Actividades En Ahara, cada pr\u00e1ctica es una invitaci\u00f3n a reconectar con vos a trav\u00e9s del movimiento, el aire y el ritmo interno. Te ofrecemos actividades para acompa\u00f1arte en el camino del bienestar, combinando respiraci\u00f3n, alineaci\u00f3n y presencia todos los d\u00edas. VinyasA yogA Terap\u00e9uticO Lunes y Mi\u00e9rcoles \u2013 10:00 a 11:00 La pr\u00e1ctica regular de asanas [&hellip;]<\/p>\n","protected":false},"author":1,"featured_media":0,"parent":0,"menu_order":0,"comment_status":"closed","ping_status":"closed","template":"","meta":{"_acf_changed":false,"footnotes":""},"class_list":["post-2454","page","type-page","status-publish","hentry"],"acf":[],"_links":{"self":[{"href":"https:\/\/aharaspa.com\/index.php?rest_route=\/wp\/v2\/pages\/2454","targetHints":{"allow":["GET"]}}],"collection":[{"href":"https:\/\/aharaspa.com\/index.php?rest_route=\/wp\/v2\/pages"}],"about":[{"href":"https:\/\/aharaspa.com\/index.php?rest_route=\/wp\/v2\/types\/page"}],"author":[{"embeddable":true,"href":"https:\/\/aharaspa.com\/index.php?rest_route=\/wp\/v2\/users\/1"}],"replies":[{"embeddable":true,"href":"https:\/\/aharaspa.com\/index.php?rest_route=%2Fwp%2Fv2%2Fcomments&post=2454"}],"version-history":[{"count":214,"href":"https:\/\/aharaspa.com\/index.php?rest_route=\/wp\/v2\/pages\/2454\/revisions"}],"predecessor-version":[{"id":3755,"href":"https:\/\/aharaspa.com\/index.php?rest_route=\/wp\/v2\/pages\/2454\/revisions\/3755"}],"wp:attachment":[{"href":"https:\/\/aharaspa.com\/index.php?rest_route=%2Fwp%2Fv2%2Fmedia&parent=2454"}],"curies":[{"name":"wp","href":"https:\/\/api.w.org\/{rel}","templated":true}]}}