








{"id":1608,"date":"2025-03-15T22:26:26","date_gmt":"2025-03-16T01:26:26","guid":{"rendered":"https:\/\/aharaspa.com\/?post_type=product&#038;p=1608"},"modified":"2026-01-03T13:43:37","modified_gmt":"2026-01-03T16:43:37","slug":"masaje-profundo-descontracturante","status":"publish","type":"product","link":"https:\/\/aharaspa.com\/?product=masaje-profundo-descontracturante","title":{"rendered":"Masaje Hol\u00edstico Descontracturante"},"content":{"rendered":"<p>Combinando las presiones profundas con la sabidur\u00eda del Ayurveda, nos enfocamos de manera precisa en el origen de tu malestar.<\/p>\n<p>Sent\u00ed c\u00f3mo los aceites tibios medicinales potencian el efecto antiinflamatorio y liberador, disolviendo los nudos y aliviando el dolor muscular y articular.<\/p>\n<p>M\u00e1s all\u00e1 del alivio f\u00edsico, esta terapia hol\u00edstica reactiva tu circulaci\u00f3n y energ\u00eda, dejando una sensaci\u00f3n de liviandad y un equilibrio reconfortante.<\/p>\n<p>Beneficios del masaje:<\/p>\n<ul>\n<li>Alivio de contracturas y dolores musculares<\/li>\n<li>Favorece la movilidad y flexibilidad<\/li>\n<li>Mejora la circulaci\u00f3n y oxigenaci\u00f3n celular<\/li>\n<li>Equilibra la energ\u00eda y reduce el estr\u00e9s<\/li>\n<li>Ideal para quienes buscan liberar tensiones y recuperar la armon\u00eda corporal.<\/li>\n<\/ul>\n<p>Recomendado para Pitta y Kapha Dosha.<\/p>\n<p>Reserv\u00e1 tu sesi\u00f3n y reconect\u00e1 con el bienestar.<\/p>\n","protected":false},"excerpt":{"rendered":"<p>Liber\u00e1 la tensi\u00f3n profunda de tus m\u00fasculos y recuper\u00e1 tu bienestar. A trav\u00e9s de presiones firmes y precisas, combinadas con aromaterapia ayurv\u00e9dica, esta terapia act\u00faa sobre el origen del dolor, aliviando contracturas y devolvi\u00e9ndote tu equilibrio natural.<\/p>\n","protected":false},"featured_media":3269,"template":"","meta":{"_acf_changed":false},"product_brand":[],"product_cat":[76],"product_tag":[74,75],"class_list":{"0":"post-1608","1":"product","2":"type-product","3":"status-publish","4":"has-post-thumbnail","6":"product_cat-masajes","7":"product_tag-cuerpo-completo","8":"product_tag-localizado","10":"first","11":"instock","12":"shipping-taxable","13":"purchasable","14":"product-type-variable"},"acf":[],"_links":{"self":[{"href":"https:\/\/aharaspa.com\/index.php?rest_route=\/wp\/v2\/product\/1608","targetHints":{"allow":["GET"]}}],"collection":[{"href":"https:\/\/aharaspa.com\/index.php?rest_route=\/wp\/v2\/product"}],"about":[{"href":"https:\/\/aharaspa.com\/index.php?rest_route=\/wp\/v2\/types\/product"}],"wp:featuredmedia":[{"embeddable":true,"href":"https:\/\/aharaspa.com\/index.php?rest_route=\/wp\/v2\/media\/3269"}],"wp:attachment":[{"href":"https:\/\/aharaspa.com\/index.php?rest_route=%2Fwp%2Fv2%2Fmedia&parent=1608"}],"wp:term":[{"taxonomy":"product_brand","embeddable":true,"href":"https:\/\/aharaspa.com\/index.php?rest_route=%2Fwp%2Fv2%2Fproduct_brand&post=1608"},{"taxonomy":"product_cat","embeddable":true,"href":"https:\/\/aharaspa.com\/index.php?rest_route=%2Fwp%2Fv2%2Fproduct_cat&post=1608"},{"taxonomy":"product_tag","embeddable":true,"href":"https:\/\/aharaspa.com\/index.php?rest_route=%2Fwp%2Fv2%2Fproduct_tag&post=1608"}],"curies":[{"name":"wp","href":"https:\/\/api.w.org\/{rel}","templated":true}]}}