








{"id":1614,"date":"2025-03-15T22:46:48","date_gmt":"2025-03-16T01:46:48","guid":{"rendered":"https:\/\/aharaspa.com\/?post_type=product&#038;p=1614"},"modified":"2026-01-03T11:39:11","modified_gmt":"2026-01-03T14:39:11","slug":"masaje-holistico-ayurvedico","status":"publish","type":"product","link":"https:\/\/aharaspa.com\/?product=masaje-holistico-ayurvedico","title":{"rendered":"Masaje Hol\u00edstico Ayurv\u00e9dico"},"content":{"rendered":"<p>Nuestro masaje hol\u00edstico ayurv\u00e9dico utiliza ritmos fluidos y cuidados para guiar el cuerpo hacia un estado de relajaci\u00f3n profunda. Estos movimientos r\u00edtmicos est\u00e1n dise\u00f1ados para calmar el sistema nervioso, liberando el estr\u00e9s acumulado en los m\u00fasculos y la mente.<\/p>\n<p>La combinaci\u00f3n personalizada de aceites tibios con aromaterapia, la energ\u00eda equilibrante del Reiki, la presi\u00f3n precisa de la reflexolog\u00eda y la sutil aplicaci\u00f3n de imanes, te permiten entrar en un estado meditativo. Mientras el cuerpo se entrega y suelta las tensiones, la mente se aquieta, activando los mecanismos naturales de autosanaci\u00f3n tanto a nivel f\u00edsico, como mental y espiritual. Es un viaje hacia la paz de tu Ser interior<\/p>\n<p>Beneficios del masaje hol\u00edstico ayurv\u00e9dico:<\/p>\n<ul>\n<li style=\"list-style-type: none;\">\n<ul>\n<li>Reequilibrio fisico y mental Alivio de tensiones y reducci\u00f3n del estr\u00e9s<\/li>\n<li>Mejora de la circulaci\u00f3n y eliminaci\u00f3n de toxinas<\/li>\n<li>Fortalecimiento del sistema inmunol\u00f3gico<\/li>\n<li>Equilibrio emocional y claridad mental<\/li>\n<li>Aumento de la vitalidad y sensaci\u00f3n de bienestar<\/li>\n<\/ul>\n<\/li>\n<\/ul>\n<p>Recomendado para para Vata, Pitta y Kapha Dosha.<\/p>\n<ul>\n<li>Dej\u00e1 que cada maniobra te gu\u00ede hacia un estado de relajaci\u00f3n Profunda. Este masaje es ideal para quienes buscan restaurar el equilibrio y la conexi\u00f3n profunda entre cuerpo, mente y esp\u00edritu<\/li>\n<\/ul>\n<p>&nbsp;<\/p>\n","protected":false},"excerpt":{"rendered":"<p>Explora el equilibrio perfecto entre cuerpo, mente y esp\u00edritu con nuestro masaje estrella. Basado en la medicina tradicional de la India, este tratamiento utiliza aceites naturales personalizados con aromaterapia para armonizar tu energ\u00eda vital, llev\u00e1ndote a un estado de profunda relajaci\u00f3n para reencontrarte con tu paz interior.<\/p>\n","protected":false},"featured_media":3345,"template":"","meta":{"_acf_changed":false},"product_brand":[],"product_cat":[78,76],"product_tag":[74],"class_list":{"0":"post-1614","1":"product","2":"type-product","3":"status-publish","4":"has-post-thumbnail","6":"product_cat-ayurveda","7":"product_cat-masajes","8":"product_tag-cuerpo-completo","10":"first","11":"instock","12":"virtual","13":"purchasable","14":"product-type-simple"},"acf":[],"_links":{"self":[{"href":"https:\/\/aharaspa.com\/index.php?rest_route=\/wp\/v2\/product\/1614","targetHints":{"allow":["GET"]}}],"collection":[{"href":"https:\/\/aharaspa.com\/index.php?rest_route=\/wp\/v2\/product"}],"about":[{"href":"https:\/\/aharaspa.com\/index.php?rest_route=\/wp\/v2\/types\/product"}],"wp:featuredmedia":[{"embeddable":true,"href":"https:\/\/aharaspa.com\/index.php?rest_route=\/wp\/v2\/media\/3345"}],"wp:attachment":[{"href":"https:\/\/aharaspa.com\/index.php?rest_route=%2Fwp%2Fv2%2Fmedia&parent=1614"}],"wp:term":[{"taxonomy":"product_brand","embeddable":true,"href":"https:\/\/aharaspa.com\/index.php?rest_route=%2Fwp%2Fv2%2Fproduct_brand&post=1614"},{"taxonomy":"product_cat","embeddable":true,"href":"https:\/\/aharaspa.com\/index.php?rest_route=%2Fwp%2Fv2%2Fproduct_cat&post=1614"},{"taxonomy":"product_tag","embeddable":true,"href":"https:\/\/aharaspa.com\/index.php?rest_route=%2Fwp%2Fv2%2Fproduct_tag&post=1614"}],"curies":[{"name":"wp","href":"https:\/\/api.w.org\/{rel}","templated":true}]}}