








{"id":1616,"date":"2025-03-15T22:52:36","date_gmt":"2025-03-16T01:52:36","guid":{"rendered":"https:\/\/aharaspa.com\/?post_type=product&#038;p=1616"},"modified":"2026-01-02T19:09:38","modified_gmt":"2026-01-02T22:09:38","slug":"masaje-prenatal","status":"publish","type":"product","link":"https:\/\/aharaspa.com\/?product=masaje-prenatal","title":{"rendered":"Masaje Prenatal"},"content":{"rendered":"<p>El Masaje Prenatal est\u00e1 dise\u00f1ado para acompa\u00f1ar a la futura mam\u00e1 en cada etapa del embarazo, brind\u00e1ndole un espacio de calma, relajaci\u00f3n y equilibrio profundo. Mediante la aplicaci\u00f3n en todo el cuerpo de aceites naturales con maniobras suaves y cuidadas, esta terapia alivia las tensiones acumuladas, mejora la circulaci\u00f3n y equilibra la energ\u00eda vital, creando una conexi\u00f3n m\u00e1s \u00edntima y especial entre mam\u00e1 y beb\u00e9.<\/p>\n<p>Este masaje no solo alivia molestias f\u00edsicas espec\u00edficas del embarazo, como el dolor de espalda o la pesadez en las piernas, sino que tambi\u00e9n favorece la producci\u00f3n de oxitocina, la sagrada hormona del amor, propiciando el disfrute de esta etapa tan hermosa.<\/p>\n<p>Beneficios del Masaje Prenatal:<\/p>\n<ul>\n<li>Alivio del dolor en espalda, piernas y articulaciones<\/li>\n<li>Reducci\u00f3n del estr\u00e9s y mejora en la calidad del sue\u00f1o<\/li>\n<li>Estimulaci\u00f3n de la circulaci\u00f3n y reducci\u00f3n de la hinchaz\u00f3n<\/li>\n<li>Equilibrio emocional y bienestar general<\/li>\n<li>Conexi\u00f3n profunda entre mam\u00e1 y beb\u00e9<\/li>\n<\/ul>\n<p>Adaptado a las necesidades individuales de cada mujer, este masaje ofrece un espacio de relajaci\u00f3n y cuidado en un momento tan especial de la vida. Disfrut\u00e1 de un embarazo m\u00e1s placentero y armonioso con esta terapia basada en Ayurveda.<\/p>\n<p>Se sugiere este masaje para Vata, Pitta y Kapha Dosha.<\/p>\n","protected":false},"excerpt":{"rendered":"<p>Conecta con tu beb\u00e9 y contigo misma a trav\u00e9s de nuestro masaje prenatal. Este tratamiento, de movimientos suaves y aceites naturales, est\u00e1 dise\u00f1ado para aliviar tensiones, mejorar la circulaci\u00f3n y equilibrar tu energ\u00eda durante el embarazo. Es el cuidado que mereces en esta etapa tan especial de tu vida.<\/p>\n","protected":false},"featured_media":3233,"template":"","meta":{"_acf_changed":false},"product_brand":[],"product_cat":[76],"product_tag":[74],"class_list":{"0":"post-1616","1":"product","2":"type-product","3":"status-publish","4":"has-post-thumbnail","6":"product_cat-masajes","7":"product_tag-cuerpo-completo","9":"first","10":"instock","11":"virtual","12":"purchasable","13":"product-type-simple"},"acf":[],"_links":{"self":[{"href":"https:\/\/aharaspa.com\/index.php?rest_route=\/wp\/v2\/product\/1616","targetHints":{"allow":["GET"]}}],"collection":[{"href":"https:\/\/aharaspa.com\/index.php?rest_route=\/wp\/v2\/product"}],"about":[{"href":"https:\/\/aharaspa.com\/index.php?rest_route=\/wp\/v2\/types\/product"}],"wp:featuredmedia":[{"embeddable":true,"href":"https:\/\/aharaspa.com\/index.php?rest_route=\/wp\/v2\/media\/3233"}],"wp:attachment":[{"href":"https:\/\/aharaspa.com\/index.php?rest_route=%2Fwp%2Fv2%2Fmedia&parent=1616"}],"wp:term":[{"taxonomy":"product_brand","embeddable":true,"href":"https:\/\/aharaspa.com\/index.php?rest_route=%2Fwp%2Fv2%2Fproduct_brand&post=1616"},{"taxonomy":"product_cat","embeddable":true,"href":"https:\/\/aharaspa.com\/index.php?rest_route=%2Fwp%2Fv2%2Fproduct_cat&post=1616"},{"taxonomy":"product_tag","embeddable":true,"href":"https:\/\/aharaspa.com\/index.php?rest_route=%2Fwp%2Fv2%2Fproduct_tag&post=1616"}],"curies":[{"name":"wp","href":"https:\/\/api.w.org\/{rel}","templated":true}]}}