








{"id":1617,"date":"2025-03-15T22:57:41","date_gmt":"2025-03-16T01:57:41","guid":{"rendered":"https:\/\/aharaspa.com\/?post_type=product&#038;p=1617"},"modified":"2025-10-14T10:51:54","modified_gmt":"2025-10-14T13:51:54","slug":"masaje-infantil","status":"publish","type":"product","link":"https:\/\/aharaspa.com\/?product=masaje-infantil","title":{"rendered":"Masaje Infantil"},"content":{"rendered":"<p>El Masaje Infantil esta pensado para promover la relajaci\u00f3n profunda y el equilibrio en ni\u00f1os y ni\u00f1as. A trav\u00e9s de la aplicaci\u00f3n de aceites naturales tibios y movimientos delicados, esta terapia trabaja sobre el cuerpo para calmar la mente y el sistema nervioso.<\/p>\n<p>Cada movimiento es una oportunidad para fortalecer el v\u00ednculo con su cuerpo. Este momento de tranquilidad contribuye directamente a su bienestar emocional, mejorando la calidad del sue\u00f1o y ayudando a gestionar irritabilidad de forma natural.<\/p>\n<p>Beneficios del masaje infantil:<\/p>\n<ul>\n<li>Favorece la relajaci\u00f3n y reduce la hiperactividad.<\/li>\n<li>Refuerza el sistema inmunol\u00f3gico y mejora la circulaci\u00f3n<\/li>\n<li>Contribuye a un sue\u00f1o m\u00e1s profundo y reparador<\/li>\n<li>Ayuda en el desarrollo muscular y \u00f3seo<\/li>\n<li>Fortalece el v\u00ednculo emocional con los padres<\/li>\n<\/ul>\n<p>El masaje se realiza siempre con el acompa\u00f1amiento del adulto referente, asegurando un ambiente de confianza y seguridad para el ni\u00f1o. Ofrec\u00e9 a tu hijo un momento de calma y equilibrio con este tratamiento pensado especialmente para su bienestar.<\/p>\n<p>Se sugiere este masaje para Vata, Pitta y Kapha Dosha.<\/p>\n","protected":false},"excerpt":{"rendered":"<p>Un regalo de calma para los m\u00e1s peque\u00f1os. Un toque consciente que nutre su cuerpo y promueve su bienestar, mejorando la calidad del sue\u00f1o y ayudando a aliviar la irritabilidad.<\/p>\n","protected":false},"featured_media":3203,"template":"","meta":{"_acf_changed":false},"product_brand":[],"product_cat":[76],"product_tag":[74],"class_list":{"0":"post-1617","1":"product","2":"type-product","3":"status-publish","4":"has-post-thumbnail","6":"product_cat-masajes","7":"product_tag-cuerpo-completo","9":"first","10":"instock","11":"virtual","12":"purchasable","13":"product-type-simple"},"acf":[],"_links":{"self":[{"href":"https:\/\/aharaspa.com\/index.php?rest_route=\/wp\/v2\/product\/1617","targetHints":{"allow":["GET"]}}],"collection":[{"href":"https:\/\/aharaspa.com\/index.php?rest_route=\/wp\/v2\/product"}],"about":[{"href":"https:\/\/aharaspa.com\/index.php?rest_route=\/wp\/v2\/types\/product"}],"wp:featuredmedia":[{"embeddable":true,"href":"https:\/\/aharaspa.com\/index.php?rest_route=\/wp\/v2\/media\/3203"}],"wp:attachment":[{"href":"https:\/\/aharaspa.com\/index.php?rest_route=%2Fwp%2Fv2%2Fmedia&parent=1617"}],"wp:term":[{"taxonomy":"product_brand","embeddable":true,"href":"https:\/\/aharaspa.com\/index.php?rest_route=%2Fwp%2Fv2%2Fproduct_brand&post=1617"},{"taxonomy":"product_cat","embeddable":true,"href":"https:\/\/aharaspa.com\/index.php?rest_route=%2Fwp%2Fv2%2Fproduct_cat&post=1617"},{"taxonomy":"product_tag","embeddable":true,"href":"https:\/\/aharaspa.com\/index.php?rest_route=%2Fwp%2Fv2%2Fproduct_tag&post=1617"}],"curies":[{"name":"wp","href":"https:\/\/api.w.org\/{rel}","templated":true}]}}