








{"id":1623,"date":"2025-03-15T23:11:39","date_gmt":"2025-03-16T02:11:39","guid":{"rendered":"https:\/\/aharaspa.com\/?post_type=product&#038;p=1623"},"modified":"2026-01-02T16:29:07","modified_gmt":"2026-01-02T19:29:07","slug":"masaje-californiano","status":"publish","type":"product","link":"https:\/\/aharaspa.com\/?product=masaje-californiano","title":{"rendered":"Masaje Californiano Esalen"},"content":{"rendered":"<p>El masaje Californiano Esalen es un viaje hacia el interior, un encuentro consciente con tu cuerpo.<\/p>\n<p>Sus movimientos largos y fluidos son como una ola que recorre la totalidad de tu ser, brindando una sensaci\u00f3n de completitud, contenci\u00f3n y ligereza.<\/p>\n<p>En un espacio seguro y con la presencia afectiva del terapeuta, podr\u00e1s soltar tensiones, calmar la mente y abrir tu coraz\u00f3n. Es una experiencia que te invita a reconectar con tu energ\u00eda vital y a recordar que tu cuerpo es un hogar. Cuando te permites descansar, la vida fluye con mayor suavidad.<\/p>\n<p>beneficios del masaje Esalen:<\/p>\n<p>Relajaci\u00f3n profunda y alivio del estr\u00e9s.<\/p>\n<p>Liberaci\u00f3n de tensiones acumuladas en el cuerpo.<\/p>\n<p>Reforzar la sensaci\u00f3n de unidad y conexi\u00f3n consigo mismo.<\/p>\n<p>Favorecer la confianza, la entrega y la apertura emocional<\/p>\n<p>Recomendado para Vata, Pitta y Kapha<\/p>\n","protected":false},"excerpt":{"rendered":"<p>Este Masaje brinda un contacto consciente y profundo, como una ola que te invita a habitar tu cuerpo con ligereza, soltar el control y sentir la plenitud de tu ser.<\/p>\n","protected":false},"featured_media":3198,"template":"","meta":{"_acf_changed":false},"product_brand":[],"product_cat":[76],"product_tag":[74],"class_list":{"0":"post-1623","1":"product","2":"type-product","3":"status-publish","4":"has-post-thumbnail","6":"product_cat-masajes","7":"product_tag-cuerpo-completo","9":"first","10":"instock","11":"shipping-taxable","12":"purchasable","13":"product-type-variable"},"acf":[],"_links":{"self":[{"href":"https:\/\/aharaspa.com\/index.php?rest_route=\/wp\/v2\/product\/1623","targetHints":{"allow":["GET"]}}],"collection":[{"href":"https:\/\/aharaspa.com\/index.php?rest_route=\/wp\/v2\/product"}],"about":[{"href":"https:\/\/aharaspa.com\/index.php?rest_route=\/wp\/v2\/types\/product"}],"wp:featuredmedia":[{"embeddable":true,"href":"https:\/\/aharaspa.com\/index.php?rest_route=\/wp\/v2\/media\/3198"}],"wp:attachment":[{"href":"https:\/\/aharaspa.com\/index.php?rest_route=%2Fwp%2Fv2%2Fmedia&parent=1623"}],"wp:term":[{"taxonomy":"product_brand","embeddable":true,"href":"https:\/\/aharaspa.com\/index.php?rest_route=%2Fwp%2Fv2%2Fproduct_brand&post=1623"},{"taxonomy":"product_cat","embeddable":true,"href":"https:\/\/aharaspa.com\/index.php?rest_route=%2Fwp%2Fv2%2Fproduct_cat&post=1623"},{"taxonomy":"product_tag","embeddable":true,"href":"https:\/\/aharaspa.com\/index.php?rest_route=%2Fwp%2Fv2%2Fproduct_tag&post=1623"}],"curies":[{"name":"wp","href":"https:\/\/api.w.org\/{rel}","templated":true}]}}