








{"id":1624,"date":"2025-03-15T23:14:21","date_gmt":"2025-03-16T02:14:21","guid":{"rendered":"https:\/\/aharaspa.com\/?post_type=product&#038;p=1624"},"modified":"2026-01-02T16:25:14","modified_gmt":"2026-01-02T19:25:14","slug":"masaje-de-desconexion-a-cuatro-manos","status":"publish","type":"product","link":"https:\/\/aharaspa.com\/?product=masaje-de-desconexion-a-cuatro-manos","title":{"rendered":"Desconexi\u00f3n a cuatro manos"},"content":{"rendered":"<p>En este masaje dos terapeutas trabajan en perfecta sincron\u00eda, con movimientos largos y fluidos que envuelven la totalidad de tu Ser. Utilizando aceites naturales con aromaterapia para llevarte a un estado de profunda relajaci\u00f3n, que te permitira sotar las tenciones y restablecer tu energia vital<\/p>\n<p>El prop\u00f3sito de este ritual es ayudarte a desconectar de lo externo para conectar profundamente contigo. La armon\u00eda de las cuatro manos crea una experiencia de profunda introspecci\u00f3n y bienestar.<\/p>\n<p>Beneficios del masaje de desconexi\u00f3n a cuatro manos:<\/p>\n<ul>\n<li>Alivio completo de tensiones musculares y estr\u00e9s acumulado<\/li>\n<li>Estimulaci\u00f3n de la circulaci\u00f3n sangu\u00ednea y linf\u00e1tica<\/li>\n<li>Equilibrio de los doshas y restauraci\u00f3n de la energ\u00eda vital<\/li>\n<li>Profunda relajaci\u00f3n f\u00edsica y mental<\/li>\n<li>Aumento de la flexibilidad y bienestar integral<\/li>\n<li>Este masaje es perfecto para aquellos que buscan desconectarse del estr\u00e9s diario y sumergirse en una experiencia de calma absoluta y bienestar.<\/li>\n<\/ul>\n<p>Se sugiere este masaje para Vata, Pitta y Kapha Dosha.<\/p>\n","protected":false},"excerpt":{"rendered":"<p>Deja que tu cuerpo y mente se entreguen a la doble relajaci\u00f3n que brinda este masaje a cuatro manos en perfecta sincron\u00eda. Es una experiencia de total desconexi\u00f3n<\/p>\n","protected":false},"featured_media":3161,"template":"","meta":{"_acf_changed":false},"product_brand":[],"product_cat":[76],"product_tag":[74],"class_list":{"0":"post-1624","1":"product","2":"type-product","3":"status-publish","4":"has-post-thumbnail","6":"product_cat-masajes","7":"product_tag-cuerpo-completo","9":"first","10":"instock","11":"virtual","12":"purchasable","13":"product-type-simple"},"acf":[],"_links":{"self":[{"href":"https:\/\/aharaspa.com\/index.php?rest_route=\/wp\/v2\/product\/1624","targetHints":{"allow":["GET"]}}],"collection":[{"href":"https:\/\/aharaspa.com\/index.php?rest_route=\/wp\/v2\/product"}],"about":[{"href":"https:\/\/aharaspa.com\/index.php?rest_route=\/wp\/v2\/types\/product"}],"wp:featuredmedia":[{"embeddable":true,"href":"https:\/\/aharaspa.com\/index.php?rest_route=\/wp\/v2\/media\/3161"}],"wp:attachment":[{"href":"https:\/\/aharaspa.com\/index.php?rest_route=%2Fwp%2Fv2%2Fmedia&parent=1624"}],"wp:term":[{"taxonomy":"product_brand","embeddable":true,"href":"https:\/\/aharaspa.com\/index.php?rest_route=%2Fwp%2Fv2%2Fproduct_brand&post=1624"},{"taxonomy":"product_cat","embeddable":true,"href":"https:\/\/aharaspa.com\/index.php?rest_route=%2Fwp%2Fv2%2Fproduct_cat&post=1624"},{"taxonomy":"product_tag","embeddable":true,"href":"https:\/\/aharaspa.com\/index.php?rest_route=%2Fwp%2Fv2%2Fproduct_tag&post=1624"}],"curies":[{"name":"wp","href":"https:\/\/api.w.org\/{rel}","templated":true}]}}