








{"id":1629,"date":"2025-03-15T23:38:58","date_gmt":"2025-03-16T02:38:58","guid":{"rendered":"https:\/\/aharaspa.com\/?post_type=product&#038;p=1629"},"modified":"2026-01-03T19:50:54","modified_gmt":"2026-01-03T22:50:54","slug":"masaje-cupido-para-parejas","status":"publish","type":"product","link":"https:\/\/aharaspa.com\/?product=masaje-cupido-para-parejas","title":{"rendered":"Cupido para parejas"},"content":{"rendered":"<p>El Masaje Cupido para Parejas es una experiencia creada para que ambos compartan una profunda sanaci\u00f3n. En un ambiente cargado de romanticismo y complicidad, dos terapeutas trabajan en perfecta sincron\u00eda aplicando aceites tibios personalizados y creando una atm\u00f3sfera de relajaci\u00f3n y armon\u00eda.<\/p>\n<p>Este ritual va mucho m\u00e1s all\u00e1 de lo f\u00edsico. Es un viaje compartido hacia el bienestar, que restaura el equilibrio interno de ambos y fortalece su v\u00ednculo, promoviendo una nueva forma de estar presente y conectado con la persona que amas.<\/p>\n<p>Beneficios del masaje Cupido para Parejas:<\/p>\n<ul>\n<li>Liberaci\u00f3n de tensiones y estr\u00e9s, dejando espacio solo para el placer<\/li>\n<li>Estimulaci\u00f3n de la circulaci\u00f3n y revitalizaci\u00f3n de la energ\u00eda vital<\/li>\n<li>Conexi\u00f3n emocional y f\u00edsica fortaleciendo el v\u00ednculo<\/li>\n<li>Equilibrio entre cuerpo, mente y alma<\/li>\n<li>Un viaje compartido hacia el bienestar y la armon\u00eda<\/li>\n<\/ul>\n<p>Este masaje es la oportunidad perfecta para redescubrirse juntos, disfrutar de un momento de paz y fortalecer el amor y la conexi\u00f3n en tu relaci\u00f3n.<\/p>\n<p>Se sugiere este masaje para Vata, Pitta y Kapha Dosha.<\/p>\n","protected":false},"excerpt":{"rendered":"<p>Viv\u00ed una experiencia \u00fanica de conexi\u00f3n y relajaci\u00f3n en pareja. Dos terapeutas, trabajando en armon\u00eda, crean una atm\u00f3sfera cargada de amor y complicidad. Con movimientos fluidos y aceites suaves, el romanticismo fluye en cada toque para que ambos se relajen y disfruten juntos<\/p>\n","protected":false},"featured_media":3681,"template":"","meta":{"_acf_changed":false},"product_brand":[],"product_cat":[76],"product_tag":[74],"class_list":{"0":"post-1629","1":"product","2":"type-product","3":"status-publish","4":"has-post-thumbnail","6":"product_cat-masajes","7":"product_tag-cuerpo-completo","9":"first","10":"instock","11":"virtual","12":"purchasable","13":"product-type-simple"},"acf":[],"_links":{"self":[{"href":"https:\/\/aharaspa.com\/index.php?rest_route=\/wp\/v2\/product\/1629","targetHints":{"allow":["GET"]}}],"collection":[{"href":"https:\/\/aharaspa.com\/index.php?rest_route=\/wp\/v2\/product"}],"about":[{"href":"https:\/\/aharaspa.com\/index.php?rest_route=\/wp\/v2\/types\/product"}],"wp:featuredmedia":[{"embeddable":true,"href":"https:\/\/aharaspa.com\/index.php?rest_route=\/wp\/v2\/media\/3681"}],"wp:attachment":[{"href":"https:\/\/aharaspa.com\/index.php?rest_route=%2Fwp%2Fv2%2Fmedia&parent=1629"}],"wp:term":[{"taxonomy":"product_brand","embeddable":true,"href":"https:\/\/aharaspa.com\/index.php?rest_route=%2Fwp%2Fv2%2Fproduct_brand&post=1629"},{"taxonomy":"product_cat","embeddable":true,"href":"https:\/\/aharaspa.com\/index.php?rest_route=%2Fwp%2Fv2%2Fproduct_cat&post=1629"},{"taxonomy":"product_tag","embeddable":true,"href":"https:\/\/aharaspa.com\/index.php?rest_route=%2Fwp%2Fv2%2Fproduct_tag&post=1629"}],"curies":[{"name":"wp","href":"https:\/\/api.w.org\/{rel}","templated":true}]}}