








{"id":1637,"date":"2025-03-16T14:01:29","date_gmt":"2025-03-16T17:01:29","guid":{"rendered":"https:\/\/aharaspa.com\/?post_type=product&#038;p=1637"},"modified":"2026-01-03T19:02:20","modified_gmt":"2026-01-03T22:02:20","slug":"masaje-craneofacial-de-desconexion","status":"publish","type":"product","link":"https:\/\/aharaspa.com\/?product=masaje-craneofacial-de-desconexion","title":{"rendered":"Masaje Craneofacial"},"content":{"rendered":"<p>El Masaje Craneofacial de Desconexi\u00f3n es una experiencia dise\u00f1ada para relajar profundamente la cabeza, el rostro y el cuello, liberando el estr\u00e9s acumulado y restaurando el equilibrio energ\u00e9tico. A trav\u00e9s de movimientos delicados y la aplicaci\u00f3n de aceites naturales y aromaterapia, este tratamiento alivia tensiones musculares, mejora la circulaci\u00f3n y promueve una sensaci\u00f3n de ligereza y bienestar absoluto.<\/p>\n<p>Beneficios del masaje craneofacial:<\/p>\n<ul>\n<li>Alivio de tensiones en la cabeza, el rostro y el cuello<\/li>\n<li>Relajaci\u00f3n profunda y reducci\u00f3n del estr\u00e9s<\/li>\n<li>Mejora de la circulaci\u00f3n y oxigenaci\u00f3n de la piel<\/li>\n<li>Sensaci\u00f3n de ligereza y claridad mental<\/li>\n<li>Equilibrio energ\u00e9tico y armon\u00eda interior<\/li>\n<\/ul>\n<p>Ideal para quienes buscan una pausa del ritmo diario, este masaje invita a una desconexi\u00f3n total, brindando una sensaci\u00f3n de paz y descanso absoluto. Regalate un momento de serenidad y dej\u00e1 que la calma te envuelva con este masaje basado en Ayurveda.<\/p>\n","protected":false},"excerpt":{"rendered":"<p>Un masaje que no te va adejar pensar, solo podras relajar tu mente y entrar un un estado de profunda desconexion. Desde tu pecho a la punta de los pelos!<\/p>\n","protected":false},"featured_media":3160,"template":"","meta":{"_acf_changed":false},"product_brand":[],"product_cat":[76],"product_tag":[75],"class_list":{"0":"post-1637","1":"product","2":"type-product","3":"status-publish","4":"has-post-thumbnail","6":"product_cat-masajes","7":"product_tag-localizado","9":"first","10":"instock","11":"virtual","12":"purchasable","13":"product-type-simple"},"acf":[],"_links":{"self":[{"href":"https:\/\/aharaspa.com\/index.php?rest_route=\/wp\/v2\/product\/1637","targetHints":{"allow":["GET"]}}],"collection":[{"href":"https:\/\/aharaspa.com\/index.php?rest_route=\/wp\/v2\/product"}],"about":[{"href":"https:\/\/aharaspa.com\/index.php?rest_route=\/wp\/v2\/types\/product"}],"wp:featuredmedia":[{"embeddable":true,"href":"https:\/\/aharaspa.com\/index.php?rest_route=\/wp\/v2\/media\/3160"}],"wp:attachment":[{"href":"https:\/\/aharaspa.com\/index.php?rest_route=%2Fwp%2Fv2%2Fmedia&parent=1637"}],"wp:term":[{"taxonomy":"product_brand","embeddable":true,"href":"https:\/\/aharaspa.com\/index.php?rest_route=%2Fwp%2Fv2%2Fproduct_brand&post=1637"},{"taxonomy":"product_cat","embeddable":true,"href":"https:\/\/aharaspa.com\/index.php?rest_route=%2Fwp%2Fv2%2Fproduct_cat&post=1637"},{"taxonomy":"product_tag","embeddable":true,"href":"https:\/\/aharaspa.com\/index.php?rest_route=%2Fwp%2Fv2%2Fproduct_tag&post=1637"}],"curies":[{"name":"wp","href":"https:\/\/api.w.org\/{rel}","templated":true}]}}