








{"id":1652,"date":"2025-03-16T14:34:54","date_gmt":"2025-03-16T17:34:54","guid":{"rendered":"https:\/\/aharaspa.com\/?post_type=product&#038;p=1652"},"modified":"2026-01-02T16:05:31","modified_gmt":"2026-01-02T19:05:31","slug":"masaje-tratamiento-facial-ayurvedico","status":"publish","type":"product","link":"https:\/\/aharaspa.com\/?product=masaje-tratamiento-facial-ayurvedico","title":{"rendered":"Tratamiento Facial Ayurv\u00e9dico"},"content":{"rendered":"<p>Este no es solo un tratamiento facial, es un ritual ancestral que fusiona la sabidur\u00eda del masaje ayurv\u00e9dico con el poder purificante de la naturaleza. Mediante una exfoliaci\u00f3n suave, una mascarilla natural y aceites herbales seleccionados seg\u00fan tu biotipo, este tratamiento purifica, hidrata y revitaliza profundamente la piel. El resultado es una piel visiblemente m\u00e1s luminosa, equilibrada y radiante, con un bienestar que se siente desde adentro.<\/p>\n<p>Beneficios del tratamiento facial ayurv\u00e9dico:<\/p>\n<ul>\n<li>Limpieza y detoxificaci\u00f3n de la piel<\/li>\n<li>Nutrici\u00f3n profunda y regeneraci\u00f3n celular<\/li>\n<li>Mejora de la circulaci\u00f3n y oxigenaci\u00f3n del rostro<\/li>\n<li>armonizaci\u00f3n energ\u00e9tica<\/li>\n<li>Sensaci\u00f3n de frescura, suavidad y relajaci\u00f3n total<\/li>\n<\/ul>\n<p>Ideal para quienes buscan realzar su belleza de manera natural, este tratamiento ofrece mucho m\u00e1s que un cuidado facial: es un momento de conexi\u00f3n y renovaci\u00f3n. Dej\u00e1 que tu piel respire bienestar con este ritual ayurv\u00e9dico.<\/p>\n","protected":false},"excerpt":{"rendered":"<p>Ilumin\u00e1 tu piel y equilibr\u00e1 tu energ\u00eda con el Tratamiento Facial Ayurv\u00e9dico. A trav\u00e9s de masajes suaves, aceites naturales y hierbas revitalizantes, este ritual nutre, purifica y realza la belleza natural de tu rostro.<\/p>\n","protected":false},"featured_media":3291,"template":"","meta":{"_acf_changed":false},"product_brand":[],"product_cat":[78,76],"product_tag":[75],"class_list":{"0":"post-1652","1":"product","2":"type-product","3":"status-publish","4":"has-post-thumbnail","6":"product_cat-ayurveda","7":"product_cat-masajes","8":"product_tag-localizado","10":"first","11":"instock","12":"virtual","13":"purchasable","14":"product-type-simple"},"acf":[],"_links":{"self":[{"href":"https:\/\/aharaspa.com\/index.php?rest_route=\/wp\/v2\/product\/1652","targetHints":{"allow":["GET"]}}],"collection":[{"href":"https:\/\/aharaspa.com\/index.php?rest_route=\/wp\/v2\/product"}],"about":[{"href":"https:\/\/aharaspa.com\/index.php?rest_route=\/wp\/v2\/types\/product"}],"wp:featuredmedia":[{"embeddable":true,"href":"https:\/\/aharaspa.com\/index.php?rest_route=\/wp\/v2\/media\/3291"}],"wp:attachment":[{"href":"https:\/\/aharaspa.com\/index.php?rest_route=%2Fwp%2Fv2%2Fmedia&parent=1652"}],"wp:term":[{"taxonomy":"product_brand","embeddable":true,"href":"https:\/\/aharaspa.com\/index.php?rest_route=%2Fwp%2Fv2%2Fproduct_brand&post=1652"},{"taxonomy":"product_cat","embeddable":true,"href":"https:\/\/aharaspa.com\/index.php?rest_route=%2Fwp%2Fv2%2Fproduct_cat&post=1652"},{"taxonomy":"product_tag","embeddable":true,"href":"https:\/\/aharaspa.com\/index.php?rest_route=%2Fwp%2Fv2%2Fproduct_tag&post=1652"}],"curies":[{"name":"wp","href":"https:\/\/api.w.org\/{rel}","templated":true}]}}