








{"id":1656,"date":"2025-03-16T16:28:27","date_gmt":"2025-03-16T19:28:27","guid":{"rendered":"https:\/\/aharaspa.com\/?post_type=product&#038;p=1656"},"modified":"2026-01-02T15:31:54","modified_gmt":"2026-01-02T18:31:54","slug":"drenaje-linfatico","status":"publish","type":"product","link":"https:\/\/aharaspa.com\/?product=drenaje-linfatico","title":{"rendered":"Drenaje Linf\u00e1tico"},"content":{"rendered":"<p>El Drenaje linf\u00e1tico manual es una t\u00e9cnica de masoterapia realizada directamente sobre la piel limpia, con la caracter\u00edstica de ser movimientos suaves, lentos, repetitivos y una presi\u00f3nconstantey controlada.<br \/>\nLa maniobra, busca movilizar la linfa, (l\u00edquido del cuerpo que transporta desechos y toxinas), siguiendo el recorrido natural de la cadena de vasos linf\u00e1tico en nuestro cuerpo, y en direcci\u00f3n a los ganglios linf\u00e1ticos donde se encuentran los puntos claves de la eliminaci\u00f3n de toxinas.<br \/>\nEs una t\u00e9cnica altamente beneficiosa, no solo por su efecto relajante y neurosedante, sino que tambien y sobre todo su objetivo es:<br \/>\n* reducir y aliviar los edemas<br \/>\n*mejorar el sistema circulatorio<br \/>\n* desintoxicar el organismo<br \/>\n*estimular el sistema inmunol\u00f3gico, mejorando el estado de salud integral.<\/p>\n","protected":false},"excerpt":{"rendered":"<p>Purifica tu cuerpo y sent\u00ed una profunda ligereza con el Drenaje Linf\u00e1tico Manual. Mediante movimientos suaves, lentos, repetitivos; y una presion constante y controlada, esta t\u00e9cnica manual estimula tu sistema circulatorio, eliminando las toxinas , aportando bienestar integral y equilibrio a tu salud.<\/p>\n","protected":false},"featured_media":3192,"template":"","meta":{"_acf_changed":false},"product_brand":[],"product_cat":[76],"product_tag":[],"class_list":{"0":"post-1656","1":"product","2":"type-product","3":"status-publish","4":"has-post-thumbnail","6":"product_cat-masajes","8":"first","9":"instock","10":"virtual","11":"purchasable","12":"product-type-simple"},"acf":[],"_links":{"self":[{"href":"https:\/\/aharaspa.com\/index.php?rest_route=\/wp\/v2\/product\/1656","targetHints":{"allow":["GET"]}}],"collection":[{"href":"https:\/\/aharaspa.com\/index.php?rest_route=\/wp\/v2\/product"}],"about":[{"href":"https:\/\/aharaspa.com\/index.php?rest_route=\/wp\/v2\/types\/product"}],"wp:featuredmedia":[{"embeddable":true,"href":"https:\/\/aharaspa.com\/index.php?rest_route=\/wp\/v2\/media\/3192"}],"wp:attachment":[{"href":"https:\/\/aharaspa.com\/index.php?rest_route=%2Fwp%2Fv2%2Fmedia&parent=1656"}],"wp:term":[{"taxonomy":"product_brand","embeddable":true,"href":"https:\/\/aharaspa.com\/index.php?rest_route=%2Fwp%2Fv2%2Fproduct_brand&post=1656"},{"taxonomy":"product_cat","embeddable":true,"href":"https:\/\/aharaspa.com\/index.php?rest_route=%2Fwp%2Fv2%2Fproduct_cat&post=1656"},{"taxonomy":"product_tag","embeddable":true,"href":"https:\/\/aharaspa.com\/index.php?rest_route=%2Fwp%2Fv2%2Fproduct_tag&post=1656"}],"curies":[{"name":"wp","href":"https:\/\/api.w.org\/{rel}","templated":true}]}}