








{"id":1722,"date":"2025-03-24T17:43:06","date_gmt":"2025-03-24T20:43:06","guid":{"rendered":"https:\/\/aharaspa.com\/?post_type=product&#038;p=1722"},"modified":"2026-01-14T15:52:43","modified_gmt":"2026-01-14T18:52:43","slug":"magnetismo-biologico","status":"publish","type":"product","link":"https:\/\/aharaspa.com\/?product=magnetismo-biologico","title":{"rendered":"Terapia de Imanes"},"content":{"rendered":"<p>El Magnetismo Biol\u00f3gico es una terapia natural que utiliza imanes para armonizar el cuerpo y restaurar su equilibrio energ\u00e9tico. Mediante la aplicaci\u00f3n de campos magn\u00e9ticos en puntos espec\u00edficos, esta t\u00e9cnica favorece la oxigenaci\u00f3n celular, estimula la circulaci\u00f3n y contribuye a la eliminaci\u00f3n de toxinas, ayudando al organismo a recuperar su estado \u00f3ptimo de bienestar.<\/p>\n<p>Beneficios del Magnetismo Biol\u00f3gico:<\/p>\n<ul>\n<li>Equilibrio energ\u00e9tico y armonizaci\u00f3n del cuerpo<\/li>\n<li>Estimulaci\u00f3n de la circulaci\u00f3n y oxigenaci\u00f3n celular<\/li>\n<li>Reducci\u00f3n del estr\u00e9s y la tensi\u00f3n acumulada<\/li>\n<li>Apoyo al sistema inmunol\u00f3gico y a la eliminaci\u00f3n de toxinas<\/li>\n<li>Sensaci\u00f3n de bienestar integral y relajaci\u00f3n profunda<\/li>\n<li>Ideal para quienes buscan una terapia natural y no invasiva, el Magnetismo Biol\u00f3gico ayuda a restablecer la vitalidad y mejorar la conexi\u00f3n entre cuerpo y mente. Dej\u00e1 que la energ\u00eda fluya y experiment\u00e1 una sensaci\u00f3n renovadora de bienestar.<\/li>\n<\/ul>\n","protected":false},"excerpt":{"rendered":"<p>Equilibr\u00e1 tu energ\u00eda y estimul\u00e1 la capacidad natural de tu cuerpo para sanarse, a trav\u00e9s de la apicacion de imanes estrat\u00e9gicamente ubicados, esta terapia ayuda a restablecer el balance interno, promoviendo bienestar f\u00edsico y energetico.<\/p>\n","protected":false},"featured_media":3715,"template":"","meta":{"_acf_changed":false},"product_brand":[],"product_cat":[77],"product_tag":[],"class_list":{"0":"post-1722","1":"product","2":"type-product","3":"status-publish","4":"has-post-thumbnail","6":"product_cat-terapias-holisticas","8":"first","9":"instock","10":"virtual","11":"purchasable","12":"product-type-simple"},"acf":[],"_links":{"self":[{"href":"https:\/\/aharaspa.com\/index.php?rest_route=\/wp\/v2\/product\/1722","targetHints":{"allow":["GET"]}}],"collection":[{"href":"https:\/\/aharaspa.com\/index.php?rest_route=\/wp\/v2\/product"}],"about":[{"href":"https:\/\/aharaspa.com\/index.php?rest_route=\/wp\/v2\/types\/product"}],"wp:featuredmedia":[{"embeddable":true,"href":"https:\/\/aharaspa.com\/index.php?rest_route=\/wp\/v2\/media\/3715"}],"wp:attachment":[{"href":"https:\/\/aharaspa.com\/index.php?rest_route=%2Fwp%2Fv2%2Fmedia&parent=1722"}],"wp:term":[{"taxonomy":"product_brand","embeddable":true,"href":"https:\/\/aharaspa.com\/index.php?rest_route=%2Fwp%2Fv2%2Fproduct_brand&post=1722"},{"taxonomy":"product_cat","embeddable":true,"href":"https:\/\/aharaspa.com\/index.php?rest_route=%2Fwp%2Fv2%2Fproduct_cat&post=1722"},{"taxonomy":"product_tag","embeddable":true,"href":"https:\/\/aharaspa.com\/index.php?rest_route=%2Fwp%2Fv2%2Fproduct_tag&post=1722"}],"curies":[{"name":"wp","href":"https:\/\/api.w.org\/{rel}","templated":true}]}}