








{"id":1724,"date":"2025-03-24T17:45:55","date_gmt":"2025-03-24T20:45:55","guid":{"rendered":"https:\/\/aharaspa.com\/?post_type=product&#038;p=1724"},"modified":"2026-01-02T13:47:39","modified_gmt":"2026-01-02T16:47:39","slug":"terapia-de-sonido","status":"publish","type":"product","link":"https:\/\/aharaspa.com\/?product=terapia-de-sonido","title":{"rendered":"Terapia de Sonido"},"content":{"rendered":"<p>La Terapia de Sonido es una pr\u00e1ctica ancestral con miles de a\u00f1os de historia, dise\u00f1ada para armonizar cuerpo, mente y esp\u00edritu. Utilizando el poder de instrumentos como los cuencos tibetanos y diapasones, cada sesi\u00f3n es un ba\u00f1o de vibraciones elevadas. Estas poderosas vibraciones limpian tu campo energ\u00e9tico, reducen el estr\u00e9s y restauran tu equilibrio. Perm\u00edtete sentir el bienestar profundo que surge al conectar con tu sabidur\u00eda interior.<\/p>\n<p>Beneficios de la Terapia de Sonido:<\/p>\n<ul>\n<li>Relajaci\u00f3n profunda y reducci\u00f3n del estr\u00e9s<\/li>\n<li>Limpieza y equilibrio energ\u00e9tico<\/li>\n<li>Estimulaci\u00f3n de la concentraci\u00f3n y claridad mental<\/li>\n<li>Liberaci\u00f3n de bloqueos f\u00edsicos y emocionales<\/li>\n<li>Mejora del descanso y la sensaci\u00f3n de bienestar integral<\/li>\n<\/ul>\n<p>Ideal para quienes buscan una experiencia de sanaci\u00f3n vibracional, la Terapia de Sonido invita a conectar con la paz y la armon\u00eda a trav\u00e9s de la magia del sonido. Dej\u00e1 que cada vibraci\u00f3n te envuelva y flu\u00edr con la energ\u00eda primordial.<\/p>\n","protected":false},"excerpt":{"rendered":"<p>Sumergite en este viaje sonoro donde, a trav\u00e9s del poder ancestral de los cuencos tibetanos, te invitamos a sintonizar con tu paz interior y a sanar tu cuerpo.<\/p>\n","protected":false},"featured_media":3289,"template":"","meta":{"_acf_changed":false},"product_brand":[],"product_cat":[77],"product_tag":[],"class_list":{"0":"post-1724","1":"product","2":"type-product","3":"status-publish","4":"has-post-thumbnail","6":"product_cat-terapias-holisticas","8":"first","9":"instock","10":"shipping-taxable","11":"purchasable","12":"product-type-variable"},"acf":[],"_links":{"self":[{"href":"https:\/\/aharaspa.com\/index.php?rest_route=\/wp\/v2\/product\/1724","targetHints":{"allow":["GET"]}}],"collection":[{"href":"https:\/\/aharaspa.com\/index.php?rest_route=\/wp\/v2\/product"}],"about":[{"href":"https:\/\/aharaspa.com\/index.php?rest_route=\/wp\/v2\/types\/product"}],"wp:featuredmedia":[{"embeddable":true,"href":"https:\/\/aharaspa.com\/index.php?rest_route=\/wp\/v2\/media\/3289"}],"wp:attachment":[{"href":"https:\/\/aharaspa.com\/index.php?rest_route=%2Fwp%2Fv2%2Fmedia&parent=1724"}],"wp:term":[{"taxonomy":"product_brand","embeddable":true,"href":"https:\/\/aharaspa.com\/index.php?rest_route=%2Fwp%2Fv2%2Fproduct_brand&post=1724"},{"taxonomy":"product_cat","embeddable":true,"href":"https:\/\/aharaspa.com\/index.php?rest_route=%2Fwp%2Fv2%2Fproduct_cat&post=1724"},{"taxonomy":"product_tag","embeddable":true,"href":"https:\/\/aharaspa.com\/index.php?rest_route=%2Fwp%2Fv2%2Fproduct_tag&post=1724"}],"curies":[{"name":"wp","href":"https:\/\/api.w.org\/{rel}","templated":true}]}}