








{"id":1726,"date":"2025-03-24T17:47:47","date_gmt":"2025-03-24T20:47:47","guid":{"rendered":"https:\/\/aharaspa.com\/?post_type=product&#038;p=1726"},"modified":"2025-10-09T22:16:40","modified_gmt":"2025-10-10T01:16:40","slug":"lectura-de-tarot","status":"publish","type":"product","link":"https:\/\/aharaspa.com\/?product=lectura-de-tarot","title":{"rendered":"Lectura de Tarot"},"content":{"rendered":"<p>La Lectura de Tarot es mucho m\u00e1s que predecir el futuro, es un encuentro con vos mismo, una herramienta de autodecubrimiento y reflexi\u00f3n que te ayuda a comprender mejor tu presente y a tomar decisiones con mayor claridad. A trav\u00e9s de un enfoque intuitivo y profundo, cada carta trae mensajes, revelaciones y consejos que iluminan tu camino.<\/p>\n<p>Beneficios de una Lectura de Tarot:<\/p>\n<ul>\n<li>Claridad en momentos de incertidumbre<\/li>\n<li>Conexi\u00f3n con tu intuici\u00f3n y prop\u00f3sito<\/li>\n<li>Perspectivas nuevas para la toma de decisiones<\/li>\n<li>Orientaci\u00f3n en el amor, el trabajo y la vida personal<\/li>\n<li>Un espacio de autodescubrimiento y crecimiento personal<\/li>\n<\/ul>\n<p>Ya sea que busques respuestas, inspiraci\u00f3n o simplemente un momento de conexi\u00f3n contigo mismo, el tarot es una llave que abre puertas a lo inesperado. Las cartas ya est\u00e1n sobre la mesa\u2026 \u00bfte anim\u00e1s a descubrir lo que tienen para decirte?<\/p>\n","protected":false},"excerpt":{"rendered":"<p>Descubr\u00ed los mensajes que la vida tiene para vos a traves de una Lectura de Tarot. Un espacio de claridad y autodescubrimiento donde cada carta revela nuevas perspectivas para tu camino.<\/p>\n","protected":false},"featured_media":3196,"template":"","meta":{"_acf_changed":false},"product_brand":[],"product_cat":[77],"product_tag":[],"class_list":{"0":"post-1726","1":"product","2":"type-product","3":"status-publish","4":"has-post-thumbnail","6":"product_cat-terapias-holisticas","8":"first","9":"instock","10":"virtual","11":"purchasable","12":"product-type-simple"},"acf":[],"_links":{"self":[{"href":"https:\/\/aharaspa.com\/index.php?rest_route=\/wp\/v2\/product\/1726","targetHints":{"allow":["GET"]}}],"collection":[{"href":"https:\/\/aharaspa.com\/index.php?rest_route=\/wp\/v2\/product"}],"about":[{"href":"https:\/\/aharaspa.com\/index.php?rest_route=\/wp\/v2\/types\/product"}],"wp:featuredmedia":[{"embeddable":true,"href":"https:\/\/aharaspa.com\/index.php?rest_route=\/wp\/v2\/media\/3196"}],"wp:attachment":[{"href":"https:\/\/aharaspa.com\/index.php?rest_route=%2Fwp%2Fv2%2Fmedia&parent=1726"}],"wp:term":[{"taxonomy":"product_brand","embeddable":true,"href":"https:\/\/aharaspa.com\/index.php?rest_route=%2Fwp%2Fv2%2Fproduct_brand&post=1726"},{"taxonomy":"product_cat","embeddable":true,"href":"https:\/\/aharaspa.com\/index.php?rest_route=%2Fwp%2Fv2%2Fproduct_cat&post=1726"},{"taxonomy":"product_tag","embeddable":true,"href":"https:\/\/aharaspa.com\/index.php?rest_route=%2Fwp%2Fv2%2Fproduct_tag&post=1726"}],"curies":[{"name":"wp","href":"https:\/\/api.w.org\/{rel}","templated":true}]}}