








{"id":1730,"date":"2025-03-24T17:54:20","date_gmt":"2025-03-24T20:54:20","guid":{"rendered":"https:\/\/aharaspa.com\/?post_type=product&#038;p=1730"},"modified":"2026-01-02T13:26:38","modified_gmt":"2026-01-02T16:26:38","slug":"limpieza-con-pendulo-hebreo","status":"publish","type":"product","link":"https:\/\/aharaspa.com\/?product=limpieza-con-pendulo-hebreo","title":{"rendered":"Limpieza con P\u00e9ndulo Hebreo"},"content":{"rendered":"<p>Limpieza con P\u00e9ndulo Hebreo es una terapia energ\u00e9tica que trabaja sobre el campo vibracional para detectar y liberar bloqueos, energ\u00edas densas y memorias limitantes. A trav\u00e9s del uso de un p\u00e9ndulo especial y la activaci\u00f3n de s\u00edmbolos en hebreo, esta t\u00e9cnica ayuda a restablecer el equilibrio energ\u00e9tico, promoviendo una sensaci\u00f3n de liviandad, claridad y armon\u00eda en todos los niveles.<\/p>\n<p>Beneficios de la Limpieza con P\u00e9ndulo Hebreo:<\/p>\n<ul>\n<li>Eliminaci\u00f3n de bloqueos energ\u00e9ticos y cargas emocionales<\/li>\n<li>Equilibrio y armonizaci\u00f3n del campo energ\u00e9tico<\/li>\n<li>Mayor claridad mental y emocional<\/li>\n<li>Liberaci\u00f3n de energ\u00edas densas acumuladas<\/li>\n<li>Sensaci\u00f3n de bienestar y paz interior<\/li>\n<\/ul>\n<p>Ideal para quienes sienten agotamiento, estr\u00e9s o una carga emocional dif\u00edcil de soltar, esta terapia ofrece un espacio de limpieza y renovaci\u00f3n profunda. Permitite soltar lo que ya no necesit\u00e1s y conectar con una energ\u00eda m\u00e1s liviana y armoniosa.<\/p>\n","protected":false},"excerpt":{"rendered":"<p>Equilibr\u00e1 tu energ\u00eda y liberate de cargas con una <strong data-start=\"91\" data-end=\"122\">Limpieza con P\u00e9ndulo Hebreo<\/strong>. A trav\u00e9s de la vibracion de los s\u00edmbolos sagrados, esta terapia armoniza tu campo energ\u00e9tico, eliminando bloqueos y restaurando el bienestar.<\/p>\n","protected":false},"featured_media":3273,"template":"","meta":{"_acf_changed":false},"product_brand":[],"product_cat":[77],"product_tag":[],"class_list":{"0":"post-1730","1":"product","2":"type-product","3":"status-publish","4":"has-post-thumbnail","6":"product_cat-terapias-holisticas","8":"first","9":"instock","10":"virtual","11":"purchasable","12":"product-type-simple"},"acf":[],"_links":{"self":[{"href":"https:\/\/aharaspa.com\/index.php?rest_route=\/wp\/v2\/product\/1730","targetHints":{"allow":["GET"]}}],"collection":[{"href":"https:\/\/aharaspa.com\/index.php?rest_route=\/wp\/v2\/product"}],"about":[{"href":"https:\/\/aharaspa.com\/index.php?rest_route=\/wp\/v2\/types\/product"}],"wp:featuredmedia":[{"embeddable":true,"href":"https:\/\/aharaspa.com\/index.php?rest_route=\/wp\/v2\/media\/3273"}],"wp:attachment":[{"href":"https:\/\/aharaspa.com\/index.php?rest_route=%2Fwp%2Fv2%2Fmedia&parent=1730"}],"wp:term":[{"taxonomy":"product_brand","embeddable":true,"href":"https:\/\/aharaspa.com\/index.php?rest_route=%2Fwp%2Fv2%2Fproduct_brand&post=1730"},{"taxonomy":"product_cat","embeddable":true,"href":"https:\/\/aharaspa.com\/index.php?rest_route=%2Fwp%2Fv2%2Fproduct_cat&post=1730"},{"taxonomy":"product_tag","embeddable":true,"href":"https:\/\/aharaspa.com\/index.php?rest_route=%2Fwp%2Fv2%2Fproduct_tag&post=1730"}],"curies":[{"name":"wp","href":"https:\/\/api.w.org\/{rel}","templated":true}]}}