








{"id":1732,"date":"2025-03-24T17:57:20","date_gmt":"2025-03-24T20:57:20","guid":{"rendered":"https:\/\/aharaspa.com\/?post_type=product&#038;p=1732"},"modified":"2026-01-02T13:15:08","modified_gmt":"2026-01-02T16:15:08","slug":"guia-nutricional-ayurvedica","status":"publish","type":"product","link":"https:\/\/aharaspa.com\/?product=guia-nutricional-ayurvedica","title":{"rendered":"Gu\u00eda Nutricional Ayurv\u00e9dica"},"content":{"rendered":"<p>El Ayurveda, medicina ancestral de la India, tiene un enfoque preventivo que promueve la salud integral mediante una alimentaci\u00f3n consciente y personalizada, que toma en cuenta tu dosha (biotipo corporal) y los desequilibrios que est\u00e9s transitando para el dise\u00f1o de sus recomendaciones.<\/p>\n<p>A trav\u00e9s de esta gu\u00eda, aprender\u00e1s a elegir no solo los alimentos que te equilibran y favorecen tu digesti\u00f3n, sino tambi\u00e9n un estilo de vida que, junto con pr\u00e1cticas de yoga y masajes, fortalecer\u00e1 tu salud.<\/p>\n<p>Beneficios de la Gu\u00eda Nutricional Ayurv\u00e9dica:<\/p>\n<ul>\n<li>Alimentaci\u00f3n adaptada a tu tipo de cuerpo y mente<\/li>\n<li>Equilibrio energ\u00e9tico y emocional a trav\u00e9s de los alimentos<\/li>\n<li>Mejora la digesti\u00f3n y la absorci\u00f3n de nutrientes<\/li>\n<li>Fortalecimiento del sistema inmunol\u00f3gico y bienestar general<\/li>\n<li>Promoci\u00f3n de una vida m\u00e1s saludable, consciente y plena<\/li>\n<\/ul>\n<p>Si buscas una forma nueva de nutrir tu cuerpo y mente con los alimentos adecuados para vivir en equilibrio con tu naturaleza interna, la Gu\u00eda Nutricional Ayurv\u00e9dica es tu camino. Dej\u00e1 que la sabidur\u00eda ancestral te gu\u00ede cada d\u00eda.<\/p>\n","protected":false},"excerpt":{"rendered":"<p>Aprende a escuchar a tu cuerpo a trav\u00e9s de la sabidur\u00eda del Ayurveda, un camino para vivir en armon\u00eda con tu esencia y naturaleza. Esta Gu\u00eda te brindar\u00e1 las herramientas para una vida en equilibrio, con alimentos que te sanan y te fortalecen.<\/p>\n","protected":false},"featured_media":3189,"template":"","meta":{"_acf_changed":false},"product_brand":[],"product_cat":[78],"product_tag":[],"class_list":{"0":"post-1732","1":"product","2":"type-product","3":"status-publish","4":"has-post-thumbnail","6":"product_cat-ayurveda","8":"first","9":"instock","10":"virtual","11":"purchasable","12":"product-type-simple"},"acf":[],"_links":{"self":[{"href":"https:\/\/aharaspa.com\/index.php?rest_route=\/wp\/v2\/product\/1732","targetHints":{"allow":["GET"]}}],"collection":[{"href":"https:\/\/aharaspa.com\/index.php?rest_route=\/wp\/v2\/product"}],"about":[{"href":"https:\/\/aharaspa.com\/index.php?rest_route=\/wp\/v2\/types\/product"}],"wp:featuredmedia":[{"embeddable":true,"href":"https:\/\/aharaspa.com\/index.php?rest_route=\/wp\/v2\/media\/3189"}],"wp:attachment":[{"href":"https:\/\/aharaspa.com\/index.php?rest_route=%2Fwp%2Fv2%2Fmedia&parent=1732"}],"wp:term":[{"taxonomy":"product_brand","embeddable":true,"href":"https:\/\/aharaspa.com\/index.php?rest_route=%2Fwp%2Fv2%2Fproduct_brand&post=1732"},{"taxonomy":"product_cat","embeddable":true,"href":"https:\/\/aharaspa.com\/index.php?rest_route=%2Fwp%2Fv2%2Fproduct_cat&post=1732"},{"taxonomy":"product_tag","embeddable":true,"href":"https:\/\/aharaspa.com\/index.php?rest_route=%2Fwp%2Fv2%2Fproduct_tag&post=1732"}],"curies":[{"name":"wp","href":"https:\/\/api.w.org\/{rel}","templated":true}]}}