








{"id":1733,"date":"2025-03-24T17:58:49","date_gmt":"2025-03-24T20:58:49","guid":{"rendered":"https:\/\/aharaspa.com\/?post_type=product&#038;p=1733"},"modified":"2025-10-07T19:33:53","modified_gmt":"2025-10-07T22:33:53","slug":"gharshana-exfoliacion-corporal","status":"publish","type":"product","link":"https:\/\/aharaspa.com\/?product=gharshana-exfoliacion-corporal","title":{"rendered":"Exfoliaci\u00f3n Corporal Ayurvedica"},"content":{"rendered":"<p>Desp\u00eddete de las c\u00e9lulas muertas y revitaliza tu piel con una exfoliaci\u00f3n corporal ayurv\u00e9dica. Esta t\u00e9cnica ancestral de la medicina de la India te ayuda a depurar y nutrir el cuerpo, devolvi\u00e9ndole su vitalidad y brillo natural.<\/p>\n<p>A diferencia de otros m\u00e9todos, esta exfoliaci\u00f3n es completamente personalizada y natural. Se adapta a tu biotipo corporal (dosha) y a tu tipo de piel para asegurar un tratamiento \u00fanico que purifica y equilibra, dejando la piel suave, sana y luminosa.<\/p>\n<p>Beneficios de Gharshana:<\/p>\n<ul>\n<li>Exfoliaci\u00f3n profunda y eliminaci\u00f3n de c\u00e9lulas muertas<\/li>\n<li>Estimulaci\u00f3n de la circulaci\u00f3n y el drenaje linf\u00e1tico<\/li>\n<li>Detoxificaci\u00f3n del cuerpo y la piel<\/li>\n<li>Mejora la suavidad y luminosidad de la piel<\/li>\n<li>Sensaci\u00f3n de vitalidad, energ\u00eda y frescura<\/li>\n<li>Si quer\u00e9s renovar tu piel y revitalizar tu cuerpo, este es el tratamiento perfecto. Dej\u00e1 que la energ\u00eda de la tierra renueve tu piel desde adentro.<\/li>\n<\/ul>\n","protected":false},"excerpt":{"rendered":"<p>Renueva tu piel y tu energ\u00eda con una exfoliaci\u00f3n ayurv\u00e9dica dise\u00f1ada a tu medida. La medicina milenaria de la India al servicio de tu piel.<\/p>\n","protected":false},"featured_media":3155,"template":"","meta":{"_acf_changed":false},"product_brand":[],"product_cat":[78],"product_tag":[],"class_list":{"0":"post-1733","1":"product","2":"type-product","3":"status-publish","4":"has-post-thumbnail","6":"product_cat-ayurveda","8":"first","9":"instock","10":"virtual","11":"purchasable","12":"product-type-simple"},"acf":[],"_links":{"self":[{"href":"https:\/\/aharaspa.com\/index.php?rest_route=\/wp\/v2\/product\/1733","targetHints":{"allow":["GET"]}}],"collection":[{"href":"https:\/\/aharaspa.com\/index.php?rest_route=\/wp\/v2\/product"}],"about":[{"href":"https:\/\/aharaspa.com\/index.php?rest_route=\/wp\/v2\/types\/product"}],"wp:featuredmedia":[{"embeddable":true,"href":"https:\/\/aharaspa.com\/index.php?rest_route=\/wp\/v2\/media\/3155"}],"wp:attachment":[{"href":"https:\/\/aharaspa.com\/index.php?rest_route=%2Fwp%2Fv2%2Fmedia&parent=1733"}],"wp:term":[{"taxonomy":"product_brand","embeddable":true,"href":"https:\/\/aharaspa.com\/index.php?rest_route=%2Fwp%2Fv2%2Fproduct_brand&post=1733"},{"taxonomy":"product_cat","embeddable":true,"href":"https:\/\/aharaspa.com\/index.php?rest_route=%2Fwp%2Fv2%2Fproduct_cat&post=1733"},{"taxonomy":"product_tag","embeddable":true,"href":"https:\/\/aharaspa.com\/index.php?rest_route=%2Fwp%2Fv2%2Fproduct_tag&post=1733"}],"curies":[{"name":"wp","href":"https:\/\/api.w.org\/{rel}","templated":true}]}}