








{"id":1734,"date":"2025-03-24T18:00:09","date_gmt":"2025-03-24T21:00:09","guid":{"rendered":"https:\/\/aharaspa.com\/?post_type=product&#038;p=1734"},"modified":"2026-01-02T13:13:01","modified_gmt":"2026-01-02T16:13:01","slug":"karnapuran-terapia-de-oidos","status":"publish","type":"product","link":"https:\/\/aharaspa.com\/?product=karnapuran-terapia-de-oidos","title":{"rendered":"Terapia de O\u00eddos &#8211; Karnapuran"},"content":{"rendered":"<p>Karnapuran es un tratamiento ayurv\u00e9dico especializado en el cuidado integral de los o\u00eddos. Su objetivo principal es nutrir y lubricar los tejidos auditivos para equilibrar el dosha Vata, que a menudo tiende a desestabilizarse en esta zona del cuerpo.<\/p>\n<p>Esta terapia consiste en la aplicaci\u00f3n de aceite de s\u00e9samo tibio en los o\u00eddos. M\u00e1s all\u00e1 de aliviar molestias locales, este tratamiento tambien tiene un efecto beneficioso en el cuello y la mand\u00edbula. Al armonizar los \u00f3rganos sensoriales, Karnapuran no solo mejora el bienestar f\u00edsico, sino que tambi\u00e9n produce un profundo efecto relajante en el sistema nervioso.<\/p>\n<p>Beneficios de Karnapuran:<\/p>\n<ul>\n<li>Alivio de tensiones acumuladas en la zona<\/li>\n<li>Limpieza profunda de los o\u00eddos<\/li>\n<li>Relajaci\u00f3n del sistema nervioso y la mente<\/li>\n<li>Alivio de vertigo, tinitus y cefaleas<\/li>\n<li>Mejora en la percepci\u00f3n sensorial<\/li>\n<\/ul>\n<p>Ideal para quienes buscan una terapia natural para el cuidado de sus o\u00eddos. Descubre c\u00f3mo esta practica milenaria puede ayudarte a encontrar un estado de calma y equilibrio.<\/p>\n","protected":false},"excerpt":{"rendered":"<p>Conecta con el cuidado ancestral de tus o\u00eddos y experimenta un profundo estado de calma y bienestar a trav\u00e9s de esta pr\u00e1ctica ayurv\u00e9dica<\/p>\n","protected":false},"featured_media":3168,"template":"","meta":{"_acf_changed":false},"product_brand":[],"product_cat":[78],"product_tag":[],"class_list":{"0":"post-1734","1":"product","2":"type-product","3":"status-publish","4":"has-post-thumbnail","6":"product_cat-ayurveda","8":"first","9":"instock","10":"virtual","11":"purchasable","12":"product-type-simple"},"acf":[],"_links":{"self":[{"href":"https:\/\/aharaspa.com\/index.php?rest_route=\/wp\/v2\/product\/1734","targetHints":{"allow":["GET"]}}],"collection":[{"href":"https:\/\/aharaspa.com\/index.php?rest_route=\/wp\/v2\/product"}],"about":[{"href":"https:\/\/aharaspa.com\/index.php?rest_route=\/wp\/v2\/types\/product"}],"wp:featuredmedia":[{"embeddable":true,"href":"https:\/\/aharaspa.com\/index.php?rest_route=\/wp\/v2\/media\/3168"}],"wp:attachment":[{"href":"https:\/\/aharaspa.com\/index.php?rest_route=%2Fwp%2Fv2%2Fmedia&parent=1734"}],"wp:term":[{"taxonomy":"product_brand","embeddable":true,"href":"https:\/\/aharaspa.com\/index.php?rest_route=%2Fwp%2Fv2%2Fproduct_brand&post=1734"},{"taxonomy":"product_cat","embeddable":true,"href":"https:\/\/aharaspa.com\/index.php?rest_route=%2Fwp%2Fv2%2Fproduct_cat&post=1734"},{"taxonomy":"product_tag","embeddable":true,"href":"https:\/\/aharaspa.com\/index.php?rest_route=%2Fwp%2Fv2%2Fproduct_tag&post=1734"}],"curies":[{"name":"wp","href":"https:\/\/api.w.org\/{rel}","templated":true}]}}