








{"id":1735,"date":"2025-03-24T18:01:12","date_gmt":"2025-03-24T21:01:12","guid":{"rendered":"https:\/\/aharaspa.com\/?post_type=product&#038;p=1735"},"modified":"2025-10-07T19:33:53","modified_gmt":"2025-10-07T22:33:53","slug":"shirodara-tratamiento-anti-stress","status":"publish","type":"product","link":"https:\/\/aharaspa.com\/?product=shirodara-tratamiento-anti-stress","title":{"rendered":"Tratamiento Anti-Stress &#8211; Shirodara"},"content":{"rendered":"<p>Shirodhara es una de las terapias ayurv\u00e9dicas m\u00e1s poderosas para calmar la mente. Esta t\u00e9cnica ancestral consiste en verter un flujo constante de aceite tibio sobre el \u00abtercer ojo\u00bb, promoviendo una profunda sensaci\u00f3n de tranquilidad y claridad mental.<\/p>\n<p>Es ideal para aliviar el estr\u00e9s, la ansiedad y el insomnio, ya que revitaliza cuerpo y mente mientras equilibra los doshas, especialmente Vata. Es la terapia perfecta para quienes buscan un espacio de conexi\u00f3n con su paz interior <\/p>\n<p>Beneficios de Shirodara:<\/p>\n<ul>\n<li>Profunda relajaci\u00f3n y liberaci\u00f3n del estr\u00e9s<\/li>\n<li>Mejora la claridad mental y la concentraci\u00f3n<\/li>\n<li>Equilibrio emocional y armonizaci\u00f3n de los doshas<\/li>\n<li>Alivio de dolores de cabeza, insomnio y ansiedad<\/li>\n<li>Sensaci\u00f3n de paz y conexi\u00f3n interior<\/li>\n<\/ul>\n<p>Si buscas una experiencia de sanaci\u00f3n profunda, permite que la suave caricia del aceite te gu\u00ede a un estado de calma absoluta, llevandose consigo todo lo que necesitas soltar.<\/p>\n","protected":false},"excerpt":{"rendered":"<p>Shirodhara es la terapia ayurv\u00e9dica perfecta para alcanzar un estado de profunda relajaci\u00f3n. Un suave y continuo flujo de aceite tibio sobre la frente no solo calma la mente y reduce el estr\u00e9s, sino que es una experiencia \u00fanica dise\u00f1ada para quienes buscan sanar desde el interior y reconectar con su paz<\/p>\n","protected":false},"featured_media":3157,"template":"","meta":{"_acf_changed":false},"product_brand":[],"product_cat":[78],"product_tag":[],"class_list":{"0":"post-1735","1":"product","2":"type-product","3":"status-publish","4":"has-post-thumbnail","6":"product_cat-ayurveda","8":"first","9":"instock","10":"virtual","11":"purchasable","12":"product-type-simple"},"acf":[],"_links":{"self":[{"href":"https:\/\/aharaspa.com\/index.php?rest_route=\/wp\/v2\/product\/1735","targetHints":{"allow":["GET"]}}],"collection":[{"href":"https:\/\/aharaspa.com\/index.php?rest_route=\/wp\/v2\/product"}],"about":[{"href":"https:\/\/aharaspa.com\/index.php?rest_route=\/wp\/v2\/types\/product"}],"wp:featuredmedia":[{"embeddable":true,"href":"https:\/\/aharaspa.com\/index.php?rest_route=\/wp\/v2\/media\/3157"}],"wp:attachment":[{"href":"https:\/\/aharaspa.com\/index.php?rest_route=%2Fwp%2Fv2%2Fmedia&parent=1735"}],"wp:term":[{"taxonomy":"product_brand","embeddable":true,"href":"https:\/\/aharaspa.com\/index.php?rest_route=%2Fwp%2Fv2%2Fproduct_brand&post=1735"},{"taxonomy":"product_cat","embeddable":true,"href":"https:\/\/aharaspa.com\/index.php?rest_route=%2Fwp%2Fv2%2Fproduct_cat&post=1735"},{"taxonomy":"product_tag","embeddable":true,"href":"https:\/\/aharaspa.com\/index.php?rest_route=%2Fwp%2Fv2%2Fproduct_tag&post=1735"}],"curies":[{"name":"wp","href":"https:\/\/api.w.org\/{rel}","templated":true}]}}