








{"id":2291,"date":"2025-04-09T14:17:08","date_gmt":"2025-04-09T17:17:08","guid":{"rendered":"https:\/\/aharaspa.com\/?post_type=product&#038;p=2291"},"modified":"2026-01-02T12:50:26","modified_gmt":"2026-01-02T15:50:26","slug":"dia-spa-detox","status":"publish","type":"product","link":"https:\/\/aharaspa.com\/?product=dia-spa-detox","title":{"rendered":"Dia Spa detox"},"content":{"rendered":"<p>Esta experiencia fue dise\u00f1ada para acompa\u00f1arte en un proceso de depuraci\u00f3n de forma amorosa y contenida. Inspirada en el Ayurveda, esta propuesta combina el calor de las aguas de mar de las piscinas del hotel con aceites naturales especialmente elegidos para ti. Es un ritual pensado para ayudarte a soltar lo que ya no necesit\u00e1s.<\/p>\n<p>Incluye:<\/p>\n<p>Exfoliaci\u00f3n corporal ayurv\u00e9dica personalizada 30 min<\/p>\n<p>Masaje relajante Abhyanga con aromaterapia 60 min<\/p>\n<p>Inmersi\u00f3n en piscinas climatizadas de agua de mar (34\u00ba y 38\u00ba)<\/p>\n<p>Infusi\u00f3n Ayurvedica depurativa<\/p>\n<p>Beneficios que vas a sentir:<\/p>\n<ul>\n<li style=\"list-style-type: none;\">\n<ul>\n<li>Alternancia de temperatura y relajaci\u00f3n profunda en las piscinas<\/li>\n<li>Renovaci\u00f3n celular y suavidad gracias a la exfoliaci\u00f3n natural<\/li>\n<li>Masaje envolvente que armoniza cuerpo, mente y emociones<\/li>\n<\/ul>\n<\/li>\n<\/ul>\n<p>&nbsp;<\/p>\n<p>Un d\u00eda de spa que te abraza en el cambio y te devuelve al eje con suavidad. Ideal para regalarse o regalar.<\/p>\n","protected":false},"excerpt":{"rendered":"<p>Solt\u00e1 lo que ya no necesit\u00e1s y renovate con esta experiencia depurativa. Exfoliaci\u00f3n ayurv\u00e9dica, masaje relajante y despu\u00e9s, piscina: un d\u00eda de spa pensado para que sientas tu cuerpo m\u00e1s liviano y tu mente en calma.<\/p>\n","protected":false},"featured_media":3267,"template":"","meta":{"_acf_changed":false},"product_brand":[],"product_cat":[84,81],"product_tag":[],"class_list":{"0":"post-2291","1":"product","2":"type-product","3":"status-publish","4":"has-post-thumbnail","6":"product_cat-experiencias","7":"product_cat-experiencias-ahara","9":"first","10":"instock","11":"shipping-taxable","12":"purchasable","13":"product-type-simple"},"acf":[],"_links":{"self":[{"href":"https:\/\/aharaspa.com\/index.php?rest_route=\/wp\/v2\/product\/2291","targetHints":{"allow":["GET"]}}],"collection":[{"href":"https:\/\/aharaspa.com\/index.php?rest_route=\/wp\/v2\/product"}],"about":[{"href":"https:\/\/aharaspa.com\/index.php?rest_route=\/wp\/v2\/types\/product"}],"wp:featuredmedia":[{"embeddable":true,"href":"https:\/\/aharaspa.com\/index.php?rest_route=\/wp\/v2\/media\/3267"}],"wp:attachment":[{"href":"https:\/\/aharaspa.com\/index.php?rest_route=%2Fwp%2Fv2%2Fmedia&parent=2291"}],"wp:term":[{"taxonomy":"product_brand","embeddable":true,"href":"https:\/\/aharaspa.com\/index.php?rest_route=%2Fwp%2Fv2%2Fproduct_brand&post=2291"},{"taxonomy":"product_cat","embeddable":true,"href":"https:\/\/aharaspa.com\/index.php?rest_route=%2Fwp%2Fv2%2Fproduct_cat&post=2291"},{"taxonomy":"product_tag","embeddable":true,"href":"https:\/\/aharaspa.com\/index.php?rest_route=%2Fwp%2Fv2%2Fproduct_tag&post=2291"}],"curies":[{"name":"wp","href":"https:\/\/api.w.org\/{rel}","templated":true}]}}