








{"id":3565,"date":"2025-11-04T19:56:24","date_gmt":"2025-11-04T22:56:24","guid":{"rendered":"https:\/\/aharaspa.com\/?post_type=product&#038;p=3565"},"modified":"2026-01-03T20:29:05","modified_gmt":"2026-01-03T23:29:05","slug":"dia-spa-duo","status":"publish","type":"product","link":"https:\/\/aharaspa.com\/?product=dia-spa-duo","title":{"rendered":"D\u00eda Spa D\u00fao"},"content":{"rendered":"<p>Viv\u00ed una experiencia \u00fanica de conexi\u00f3n y relajaci\u00f3n en d\u00fao. Esta propuesta combina el calor de las aguas de mar de las piscinas del hotel con el masajes y armonizaci\u00f3n energ\u00e9tica que necesitas. Aplicaremos aceites naturales especialmente elegidos para ustedes seg\u00fan su Biotipo corporal. Finalizaran la jornada con una merienda para deleitarse y nutrirse<\/p>\n<p>Incluye:<\/p>\n<ul>\n<li>Masaje Cupido con Aromaterapia para dos en el mismo consultorio de 60 minutos<\/li>\n<li>Sesi\u00f3n de Armonizaci\u00f3n Energ\u00e9tica con sahumo y sonido para dos en el mismo consultorio 30 minutos<\/li>\n<li>Libre acceso a las piscinas climatizadas y exteriores del Argentino Hotel<\/li>\n<li>Merienda completa para 2 en la Cafeter\u00eda del Hotel frente al Mar<\/li>\n<li>Infusi\u00f3n de Hierbas Ayurv\u00e9dicas<\/li>\n<li>Incluye bata y toallas para la piscina<\/li>\n<\/ul>\n<p>Beneficios que vas a sentir:<\/p>\n<ul>\n<li>Alternancia de temperatura y relajaci\u00f3n profunda en las piscinas<\/li>\n<li>Liberaci\u00f3n de tensiones y estr\u00e9s, dejando espacio solo para el placer<\/li>\n<li>Estimulaci\u00f3n de la circulaci\u00f3n y revitalizaci\u00f3n de la energ\u00eda vital<\/li>\n<li>Conexi\u00f3n emocional y f\u00edsica fortaleciendo el v\u00ednculo<\/li>\n<li>Equilibrio entre cuerpo, mente y alma<\/li>\n<li>Un viaje compartido hacia el bienestar y la armon\u00eda<\/li>\n<\/ul>\n<p>&nbsp;<\/p>\n<p>Este D\u00eda de Spa es la oportunidad perfecta para redescubrirse juntos, disfrutar de un momento de paz y fortalecer el amor y la conexi\u00f3n en tu relaci\u00f3n.<\/p>\n","protected":false},"excerpt":{"rendered":"<p>Dedicar un d\u00eda a este ritual de a dos trasciende lo f\u00edsico. Es un viaje compartido hacia el bienestar, que no solo restaura el equilibrio interno de ambos, sino que fortalece su v\u00ednculo. Promueve una nueva forma de estar plenamente presente y conectado con la persona que amas.<\/p>\n","protected":false},"featured_media":3682,"template":"","meta":{"_acf_changed":false},"product_brand":[],"product_cat":[84,81],"product_tag":[],"class_list":{"0":"post-3565","1":"product","2":"type-product","3":"status-publish","4":"has-post-thumbnail","6":"product_cat-experiencias","7":"product_cat-experiencias-ahara","9":"first","10":"instock","11":"shipping-taxable","12":"purchasable","13":"product-type-simple"},"acf":[],"_links":{"self":[{"href":"https:\/\/aharaspa.com\/index.php?rest_route=\/wp\/v2\/product\/3565","targetHints":{"allow":["GET"]}}],"collection":[{"href":"https:\/\/aharaspa.com\/index.php?rest_route=\/wp\/v2\/product"}],"about":[{"href":"https:\/\/aharaspa.com\/index.php?rest_route=\/wp\/v2\/types\/product"}],"wp:featuredmedia":[{"embeddable":true,"href":"https:\/\/aharaspa.com\/index.php?rest_route=\/wp\/v2\/media\/3682"}],"wp:attachment":[{"href":"https:\/\/aharaspa.com\/index.php?rest_route=%2Fwp%2Fv2%2Fmedia&parent=3565"}],"wp:term":[{"taxonomy":"product_brand","embeddable":true,"href":"https:\/\/aharaspa.com\/index.php?rest_route=%2Fwp%2Fv2%2Fproduct_brand&post=3565"},{"taxonomy":"product_cat","embeddable":true,"href":"https:\/\/aharaspa.com\/index.php?rest_route=%2Fwp%2Fv2%2Fproduct_cat&post=3565"},{"taxonomy":"product_tag","embeddable":true,"href":"https:\/\/aharaspa.com\/index.php?rest_route=%2Fwp%2Fv2%2Fproduct_tag&post=3565"}],"curies":[{"name":"wp","href":"https:\/\/api.w.org\/{rel}","templated":true}]}}