








{"id":3642,"date":"2025-12-08T17:34:53","date_gmt":"2025-12-08T20:34:53","guid":{"rendered":"https:\/\/aharaspa.com\/?post_type=product&#038;p=3642"},"modified":"2026-01-02T12:21:46","modified_gmt":"2026-01-02T15:21:46","slug":"dia-spa-mar-adentro","status":"publish","type":"product","link":"https:\/\/aharaspa.com\/?product=dia-spa-mar-adentro","title":{"rendered":"D\u00eda Spa Mar adentro"},"content":{"rendered":"<p>Mar Adentro es una experiencia de talasoterapia creada para reconectar con la fuerza vital del oc\u00e9ano y sumergirse en la medicina del mar, las algas y los minerales naturales.<\/p>\n<p>Sus excelentes propiedades terap\u00e9uticas invitan a restaurar el cuerpo, armonizar la mente y volver al ritmo profundo de la naturaleza.<\/p>\n<p>Incluye:<\/p>\n<ul>\n<li>Inmersi\u00f3n en piscinas de agua de mar climatizadas. Un primer contacto renovador que activa la circulaci\u00f3n, relaja la musculatura y prepara el cuerpo para recibir los beneficios de la talasoterapia.<\/li>\n<li>Tratamiento corporal terap\u00e9utico 90 minutos. Exfoliaci\u00f3n corporal con agua marina y arena para purificar la piel.<\/li>\n<li>Aplicaci\u00f3n de m\u00e1scara de algas locales, ricas en minerales y oligoelementos.<\/li>\n<li>Masaje con aceites naturales para integrar el cuerpo en un estado de profunda relajaci\u00f3n.<\/li>\n<li>Meditaci\u00f3n con sonido del mar. Una pr\u00e1ctica guiada que acompa\u00f1a la calma alcanzada y expande la sensaci\u00f3n de presencia, apertura y bienestar interno.<\/li>\n<li>Bebida isot\u00f3nica de agua de mar. Infusi\u00f3n revitalizante que remineraliza y equilibra al organismo desde adentro.<\/li>\n<\/ul>\n<p>&nbsp;<\/p>\n<p>Beneficios<\/p>\n<ul>\n<li>* Remineralizaci\u00f3n profunda<\/li>\n<li>* Detox natural y activaci\u00f3n circulatoria<\/li>\n<li>* Relajaci\u00f3n del sistema nervioso<\/li>\n<li>* Nutrici\u00f3n e iluminaci\u00f3n de la piel<\/li>\n<li>* Sensaci\u00f3n de presencia, calma y conexi\u00f3n interior<\/li>\n<\/ul>\n","protected":false},"excerpt":{"rendered":"<p>A trav\u00e9s del contacto consciente con el agua de mar, las algas y los minerales naturales, este D\u00eda de Spa propone un viaje de restauraci\u00f3n profunda, donde el cuerpo se relaja, la mente se aquieta y la energ\u00eda vuelve a su ritmo esencial.<\/p>\n","protected":false},"featured_media":3644,"template":"","meta":{"_acf_changed":false},"product_brand":[],"product_cat":[84,81],"product_tag":[],"class_list":{"0":"post-3642","1":"product","2":"type-product","3":"status-publish","4":"has-post-thumbnail","6":"product_cat-experiencias","7":"product_cat-experiencias-ahara","9":"first","10":"instock","11":"shipping-taxable","12":"purchasable","13":"product-type-simple"},"acf":[],"_links":{"self":[{"href":"https:\/\/aharaspa.com\/index.php?rest_route=\/wp\/v2\/product\/3642","targetHints":{"allow":["GET"]}}],"collection":[{"href":"https:\/\/aharaspa.com\/index.php?rest_route=\/wp\/v2\/product"}],"about":[{"href":"https:\/\/aharaspa.com\/index.php?rest_route=\/wp\/v2\/types\/product"}],"wp:featuredmedia":[{"embeddable":true,"href":"https:\/\/aharaspa.com\/index.php?rest_route=\/wp\/v2\/media\/3644"}],"wp:attachment":[{"href":"https:\/\/aharaspa.com\/index.php?rest_route=%2Fwp%2Fv2%2Fmedia&parent=3642"}],"wp:term":[{"taxonomy":"product_brand","embeddable":true,"href":"https:\/\/aharaspa.com\/index.php?rest_route=%2Fwp%2Fv2%2Fproduct_brand&post=3642"},{"taxonomy":"product_cat","embeddable":true,"href":"https:\/\/aharaspa.com\/index.php?rest_route=%2Fwp%2Fv2%2Fproduct_cat&post=3642"},{"taxonomy":"product_tag","embeddable":true,"href":"https:\/\/aharaspa.com\/index.php?rest_route=%2Fwp%2Fv2%2Fproduct_tag&post=3642"}],"curies":[{"name":"wp","href":"https:\/\/api.w.org\/{rel}","templated":true}]}}