








{"id":3706,"date":"2026-01-10T18:25:36","date_gmt":"2026-01-10T21:25:36","guid":{"rendered":"https:\/\/aharaspa.com\/?post_type=product&#038;p=3706"},"modified":"2026-01-12T15:45:45","modified_gmt":"2026-01-12T18:45:45","slug":"lectura-de-registros-akashicos","status":"publish","type":"product","link":"https:\/\/aharaspa.com\/?product=lectura-de-registros-akashicos","title":{"rendered":"Lectura de Registros Akashicos"},"content":{"rendered":"<p>La Lectura de Registros Akashicos es una oportunidad de hablar con tu parte superior, es un encuentro con vos mismo, una herramienta de autodecubrimiento y reflexi\u00f3n que te ayuda a comprender mejor tu presente. A trav\u00e9s de un enfoque intuitivo y profundo, tendr\u00e1s revelaciones y consejos que iluminaran tu camino.<\/p>\n<p>Beneficios:<\/p>\n<ul>\n<li>Claridad en momentos de incertidumbre<\/li>\n<li>Conexi\u00f3n con tu intuici\u00f3n y prop\u00f3sito<\/li>\n<li>Perspectivas nuevas para la toma de decisiones<\/li>\n<li>Un espacio de autodescubrimiento y crecimiento personal<\/li>\n<\/ul>\n<p>Ya sea que busques respuestas, inspiraci\u00f3n o simplemente un momento de conexi\u00f3n contigo mismo, esta es una llave que abre puertas a lo inesperado.<\/p>\n","protected":false},"excerpt":{"rendered":"<p>Descubr\u00ed los mensajes que la vida tiene para vos a traves de una Lectura de Registros Akashicos. Un espacio de claridad y autodescubrimiento donde cada mensaje revela nuevas perspectivas para tu camino.<\/p>\n","protected":false},"featured_media":3709,"template":"","meta":{"_acf_changed":false},"product_brand":[],"product_cat":[77],"product_tag":[],"class_list":{"0":"post-3706","1":"product","2":"type-product","3":"status-publish","4":"has-post-thumbnail","6":"product_cat-terapias-holisticas","8":"first","9":"instock","10":"virtual","11":"purchasable","12":"product-type-simple"},"acf":[],"_links":{"self":[{"href":"https:\/\/aharaspa.com\/index.php?rest_route=\/wp\/v2\/product\/3706","targetHints":{"allow":["GET"]}}],"collection":[{"href":"https:\/\/aharaspa.com\/index.php?rest_route=\/wp\/v2\/product"}],"about":[{"href":"https:\/\/aharaspa.com\/index.php?rest_route=\/wp\/v2\/types\/product"}],"wp:featuredmedia":[{"embeddable":true,"href":"https:\/\/aharaspa.com\/index.php?rest_route=\/wp\/v2\/media\/3709"}],"wp:attachment":[{"href":"https:\/\/aharaspa.com\/index.php?rest_route=%2Fwp%2Fv2%2Fmedia&parent=3706"}],"wp:term":[{"taxonomy":"product_brand","embeddable":true,"href":"https:\/\/aharaspa.com\/index.php?rest_route=%2Fwp%2Fv2%2Fproduct_brand&post=3706"},{"taxonomy":"product_cat","embeddable":true,"href":"https:\/\/aharaspa.com\/index.php?rest_route=%2Fwp%2Fv2%2Fproduct_cat&post=3706"},{"taxonomy":"product_tag","embeddable":true,"href":"https:\/\/aharaspa.com\/index.php?rest_route=%2Fwp%2Fv2%2Fproduct_tag&post=3706"}],"curies":[{"name":"wp","href":"https:\/\/api.w.org\/{rel}","templated":true}]}}