








{"id":3764,"date":"2026-01-24T14:37:46","date_gmt":"2026-01-24T17:37:46","guid":{"rendered":"https:\/\/aharaspa.com\/?post_type=product&#038;p=3764"},"modified":"2026-01-24T14:40:47","modified_gmt":"2026-01-24T17:40:47","slug":"retiro-de-spa-con-alojamiento-2","status":"publish","type":"product","link":"https:\/\/aharaspa.com\/?product=retiro-de-spa-con-alojamiento-2","title":{"rendered":"Retiro de Spa con Alojamiento"},"content":{"rendered":"<p>Disfruta de un retiro relax combinando nuestros masajes con el uso de las instalaciones del Argentino Hotel de Piriapolis. Podr\u00e1s incluir una o mas noches por las que tendr\u00e1s acceso a las piscinas climatizadas de agua de mar, los jardines y todos los servicios del Hotel<\/p>\n<p>Incluye:<\/p>\n<ul>\n<li>Alojamiento con desayuno buffet<\/li>\n<li>Masaje a elecci\u00f3n con aromaterapia de 60 minutos<\/li>\n<li>Lectura de Or\u00e1culo a elecci\u00f3n<\/li>\n<li>Libre acceso a las piscinas climatizadas y exteriores del Argentino Hotel<\/li>\n<li>Bata y toallas para la piscina<\/li>\n<li>Late Check Out 18hs. seg\u00fan disponibilidad<\/li>\n<\/ul>\n<p>&nbsp;<\/p>\n<p>Beneficios que vas a sentir:<\/p>\n<ul>\n<li>Alternancia de temperatura y relajaci\u00f3n profunda en las piscinas<\/li>\n<li>Liberaci\u00f3n de tensiones y estr\u00e9s, dejando espacio solo para el placer<\/li>\n<li>Estimulaci\u00f3n de la circulaci\u00f3n y revitalizaci\u00f3n de la energ\u00eda vital<\/li>\n<li>Equilibrio entre cuerpo, mente y alma<\/li>\n<li>Un viaje hacia el bienestar y la armon\u00eda<\/li>\n<\/ul>\n<p>&nbsp;<\/p>\n<p>Este Retiro de Spa es la oportunidad perfecta para reconectar y disfrutar de una jornada de paz<\/p>\n","protected":false},"excerpt":{"rendered":"<p>Una <span data-dobid=\"hdw\">inmersi\u00f3n<\/span> de relax con este ritual que va mucho m\u00e1s all\u00e1 de lo f\u00edsico. Es un viaje hacia el bienestar, que restaura el equilibrio interno, promoviendo una nueva forma de estar presente y conectado.<\/p>\n","protected":false},"featured_media":3687,"template":"","meta":{"_acf_changed":false},"product_brand":[],"product_cat":[84,81,93],"product_tag":[],"class_list":{"0":"post-3764","1":"product","2":"type-product","3":"status-publish","4":"has-post-thumbnail","6":"product_cat-experiencias","7":"product_cat-experiencias-ahara","8":"product_cat-reservas","10":"first","11":"instock","12":"shipping-taxable","13":"product-type-simple"},"acf":[],"_links":{"self":[{"href":"https:\/\/aharaspa.com\/index.php?rest_route=\/wp\/v2\/product\/3764","targetHints":{"allow":["GET"]}}],"collection":[{"href":"https:\/\/aharaspa.com\/index.php?rest_route=\/wp\/v2\/product"}],"about":[{"href":"https:\/\/aharaspa.com\/index.php?rest_route=\/wp\/v2\/types\/product"}],"wp:featuredmedia":[{"embeddable":true,"href":"https:\/\/aharaspa.com\/index.php?rest_route=\/wp\/v2\/media\/3687"}],"wp:attachment":[{"href":"https:\/\/aharaspa.com\/index.php?rest_route=%2Fwp%2Fv2%2Fmedia&parent=3764"}],"wp:term":[{"taxonomy":"product_brand","embeddable":true,"href":"https:\/\/aharaspa.com\/index.php?rest_route=%2Fwp%2Fv2%2Fproduct_brand&post=3764"},{"taxonomy":"product_cat","embeddable":true,"href":"https:\/\/aharaspa.com\/index.php?rest_route=%2Fwp%2Fv2%2Fproduct_cat&post=3764"},{"taxonomy":"product_tag","embeddable":true,"href":"https:\/\/aharaspa.com\/index.php?rest_route=%2Fwp%2Fv2%2Fproduct_tag&post=3764"}],"curies":[{"name":"wp","href":"https:\/\/api.w.org\/{rel}","templated":true}]}}