








{"id":3805,"date":"2026-03-18T16:55:51","date_gmt":"2026-03-18T19:55:51","guid":{"rendered":"https:\/\/aharaspa.com\/?post_type=product&#038;p=3805"},"modified":"2026-03-23T20:01:45","modified_gmt":"2026-03-23T23:01:45","slug":"taller-ayurveda-para-tods","status":"publish","type":"product","link":"https:\/\/aharaspa.com\/?product=taller-ayurveda-para-tods","title":{"rendered":"Taller Ayurveda para Tod@s"},"content":{"rendered":"<p data-path-to-node=\"4\"><b data-path-to-node=\"4\" data-index-in-node=\"0\">Aprende las bases de la medicina de India y dise\u00f1a una vida a tu medida.<\/b><\/p>\n<p data-path-to-node=\"5\">\u00bfSientes que lo que le funciona a otros no siempre te funciona a ti? La respuesta no est\u00e1 en las tendencias, sino en tu propia naturaleza. En este taller, te invitamos a dejar de seguir reglas gen\u00e9ricas y empezar a escuchar a tu cuerpo a trav\u00e9s de una de las medicinas m\u00e1s antiguas y sabias del mundo.<\/p>\n<h2 data-path-to-node=\"6\">\u00bfQu\u00e9 vas a descubrir?<\/h2>\n<p data-path-to-node=\"7\">No solo teor\u00eda; te llevar\u00e1s herramientas reales para transformar tu d\u00eda a d\u00eda:<\/p>\n<ul data-path-to-node=\"8\">\n<li>\n<p data-path-to-node=\"8,0,0\"><b data-path-to-node=\"8,0,0\" data-index-in-node=\"0\">El origen del bienestar:<\/b> Qu\u00e9 es el Ayurveda y c\u00f3mo su filosof\u00eda puede simplificar tu vida moderna.<\/p>\n<\/li>\n<li>\n<p data-path-to-node=\"8,1,0\"><b data-path-to-node=\"8,1,0\" data-index-in-node=\"0\">Tu mapa personal:<\/b> C\u00f3mo son los biotipos (Doshas) y el paso a paso para descubrir el tuyo.<\/p>\n<\/li>\n<li>\n<p data-path-to-node=\"8,2,0\"><b data-path-to-node=\"8,2,0\" data-index-in-node=\"0\">La alquimia de la comida:<\/b> El concepto de los 6 sabores y c\u00f3mo usarlos para que tu digesti\u00f3n sea tu mejor aliada.<\/p>\n<\/li>\n<li>\n<p data-path-to-node=\"8,3,0\"><b data-path-to-node=\"8,3,0\" data-index-in-node=\"0\">Tu gu\u00eda de equilibrio:<\/b> Rutinas diarias (Dinacharya) y alimentos espec\u00edficos que resuenan con tus necesidades actuales.<\/p>\n<\/li>\n<\/ul>\n<p>&nbsp;<\/p>\n<p>&nbsp;<\/p>\n","protected":false},"excerpt":{"rendered":"<h2 data-path-to-node=\"9\"><strong>\u00bfPara qui\u00e9n es este taller?<\/strong><\/h2>\n<p data-path-to-node=\"10\"><strong>Para quienes buscan una alimentaci\u00f3n consciente, un estilo de vida con prop\u00f3sito y, sobre todo, para quienes desean ser soberanos de su propia salud. Sin complicaciones, desde el amor y el respeto<\/strong><\/p>\n","protected":false},"featured_media":3809,"template":"","meta":{"_acf_changed":false},"product_brand":[],"product_cat":[84,81],"product_tag":[],"class_list":{"0":"post-3805","1":"product","2":"type-product","3":"status-publish","4":"has-post-thumbnail","6":"product_cat-experiencias","7":"product_cat-experiencias-ahara","9":"first","10":"instock","11":"sale","12":"shipping-taxable","13":"purchasable","14":"product-type-simple"},"acf":[],"_links":{"self":[{"href":"https:\/\/aharaspa.com\/index.php?rest_route=\/wp\/v2\/product\/3805","targetHints":{"allow":["GET"]}}],"collection":[{"href":"https:\/\/aharaspa.com\/index.php?rest_route=\/wp\/v2\/product"}],"about":[{"href":"https:\/\/aharaspa.com\/index.php?rest_route=\/wp\/v2\/types\/product"}],"wp:featuredmedia":[{"embeddable":true,"href":"https:\/\/aharaspa.com\/index.php?rest_route=\/wp\/v2\/media\/3809"}],"wp:attachment":[{"href":"https:\/\/aharaspa.com\/index.php?rest_route=%2Fwp%2Fv2%2Fmedia&parent=3805"}],"wp:term":[{"taxonomy":"product_brand","embeddable":true,"href":"https:\/\/aharaspa.com\/index.php?rest_route=%2Fwp%2Fv2%2Fproduct_brand&post=3805"},{"taxonomy":"product_cat","embeddable":true,"href":"https:\/\/aharaspa.com\/index.php?rest_route=%2Fwp%2Fv2%2Fproduct_cat&post=3805"},{"taxonomy":"product_tag","embeddable":true,"href":"https:\/\/aharaspa.com\/index.php?rest_route=%2Fwp%2Fv2%2Fproduct_tag&post=3805"}],"curies":[{"name":"wp","href":"https:\/\/api.w.org\/{rel}","templated":true}]}}